{"id":2072,"date":"2020-12-10T10:51:19","date_gmt":"2020-12-10T10:51:19","guid":{"rendered":"https:\/\/cedei.com.co\/?page_id=2072"},"modified":"2024-02-01T01:11:32","modified_gmt":"2024-02-01T01:11:32","slug":"migro","status":"publish","type":"page","link":"https:\/\/cedei.com.co\/?page_id=2072","title":{"rendered":"Migro"},"content":{"rendered":"<h2><span style=\"color: #ff6600;\">MIGRO<\/span>, Estrategia de Migraci\u00f3n como Desarrollo Humano<\/h2>\n<p>El programa Migro es un programa que impulsa el desarrollo humano y social, a trav\u00e9s de los procesos migratorios asociados a la movilidad de mano de obra.<\/p>\n<p>Gracias a la labor conjunta desarrollada por la Corporaci\u00f3n CEDEI y la firma NEXUS -Services Juridiques, se viene implementando el programa MIGRO, en la ciudad de Cartagena. Con el prop\u00f3sito de aproximar la demanda canadiense de talento humano a la oferta de trabajadores calificados de Colombia, especialmente focalizados en la ciudad de Cartagena, sin excluir candidatos de otras regiones del pa\u00eds. As\u00ed mismo, pretende informar y formar a los participantes sobre las diferentes alternativas relacionadas con los procesos de migraci\u00f3n como estrategia para el desarrollo de la persona, vali\u00e9ndose de la implementaci\u00f3n del modelo CEDEI.<\/p>\n<p><strong>Entre las acciones del Programa Migro se encuentran<\/strong>:<\/p>\n<ul>\n<li>Conexi\u00f3n de la&nbsp;oferta laborar canadiense&nbsp;con la&nbsp;oferta de personal calificado&nbsp;en Cartagena y el Caribe.<\/li>\n<li>B\u00fasqueda activa de&nbsp;oportunidades&nbsp;y talento.<\/li>\n<li>Evaluaci\u00f3n y desarrollo&nbsp;de capacidades.<\/li>\n<li>Acompa\u00f1amiento a las familias&nbsp;en sus proyectos de migraci\u00f3n, asociada al trabajo.<\/li>\n<li>Informaci\u00f3n&nbsp;y&nbsp;orientaci\u00f3n.<\/li>\n<\/ul>\n<p><strong>El programa Migro cobija 3 proyectos<\/strong>:<\/p>\n<p><strong>Demanda Programada: <\/strong>Proyecto dirigido a diversas profesiones establecidas por Migraci\u00f3n Canad\u00e1.<br \/>\n<strong>Demanda Urgente: <\/strong>Proyecto dirigido a profesiones especificas; funciona a trav\u00e9s de la activaci\u00f3n de convocatorias por alguna empresa canadiense.<br \/>\n<strong>Programa Quebec: <\/strong>Este programa maneja 3 lineas: Linea agroalimentaria, l\u00ednea de Tecnolog\u00edas e Inteligencia Artificial y la L\u00ednea de Atenci\u00f3n a adulto Mayor.<\/p>\n<p><span style=\"color: #ff6600;\"><strong>Convocatoria cerrada<\/strong><\/span><\/p>\n<p>&nbsp;<\/p>\n<p><strong>Noticias Recientes<\/strong><\/p>\n<p class=\"entry-title\"><a href=\"https:\/\/cedei.com.co\/8-ventajas-de-migrar-a-canada-a-traves-de-la-movilidad-de-mano-de-obra-de-los-tlc\/\">\u2022 8 ventajas de migrar a Canad\u00e1, a trav\u00e9s de la movilidad de mano de obra de los TLC.<\/a><br \/>\n<a href=\"https:\/\/cedei.com.co\/para-2-nuevas-familias-trabajar-en-canada-ya-no-es-un-sueno-gracias-al-programa-migro\/\">\u2022 Para dos nuevas familias, trabajar y vivir en Canad\u00e1 ya no es un sue\u00f1o gracias al programa MIGRO.<\/a><br \/>\n<a href=\"https:\/\/cedei.com.co\/migro-llega-a-mas-de-100-participantes\/\">\u2022 Migro llega a m\u00e1s de 100 participantes<\/a><\/p>\n<p><a href=\"https:\/\/cedei.com.co\/todas-las-noticias\/\">Ver m\u00e1s noticias<\/a><\/p>\n","protected":false},"excerpt":{"rendered":"<p>MIGRO, Estrategia de Migraci\u00f3n como Desarrollo Humano El programa Migro es un programa que impulsa el desarrollo humano y social, a trav\u00e9s de los procesos migratorios asociados a la movilidad de mano de obra. Gracias a la labor conjunta desarrollada por la Corporaci\u00f3n CEDEI y la firma NEXUS -Services Juridiques, se viene implementando el programa &hellip;<\/p>\n","protected":false},"author":1,"featured_media":0,"parent":77,"menu_order":0,"comment_status":"closed","ping_status":"closed","template":"","meta":{"_genesis_hide_title":false,"_genesis_hide_breadcrumbs":false,"_genesis_hide_singular_image":false,"_genesis_hide_footer_widgets":false,"_genesis_custom_body_class":"","_genesis_custom_post_class":"","_genesis_layout":"","ngg_post_thumbnail":0,"footnotes":""},"_links":{"self":[{"href":"https:\/\/cedei.com.co\/index.php?rest_route=\/wp\/v2\/pages\/2072"}],"collection":[{"href":"https:\/\/cedei.com.co\/index.php?rest_route=\/wp\/v2\/pages"}],"about":[{"href":"https:\/\/cedei.com.co\/index.php?rest_route=\/wp\/v2\/types\/page"}],"author":[{"embeddable":true,"href":"https:\/\/cedei.com.co\/index.php?rest_route=\/wp\/v2\/users\/1"}],"replies":[{"embeddable":true,"href":"https:\/\/cedei.com.co\/index.php?rest_route=%2Fwp%2Fv2%2Fcomments&post=2072"}],"version-history":[{"count":18,"href":"https:\/\/cedei.com.co\/index.php?rest_route=\/wp\/v2\/pages\/2072\/revisions"}],"predecessor-version":[{"id":3294,"href":"https:\/\/cedei.com.co\/index.php?rest_route=\/wp\/v2\/pages\/2072\/revisions\/3294"}],"up":[{"embeddable":true,"href":"https:\/\/cedei.com.co\/index.php?rest_route=\/wp\/v2\/pages\/77"}],"wp:attachment":[{"href":"https:\/\/cedei.com.co\/index.php?rest_route=%2Fwp%2Fv2%2Fmedia&parent=2072"}],"curies":[{"name":"wp","href":"https:\/\/api.w.org\/{rel}","templated":true}]}}