{"id":2176,"date":"2021-03-30T17:06:48","date_gmt":"2021-03-30T17:06:48","guid":{"rendered":"https:\/\/cedei.com.co\/?page_id=2176"},"modified":"2025-08-27T14:50:35","modified_gmt":"2025-08-27T14:50:35","slug":"informe-de-gestion-2020","status":"publish","type":"page","link":"https:\/\/cedei.com.co\/?page_id=2176","title":{"rendered":"Informe de Gesti\u00f3n 2020"},"content":{"rendered":"<h3 style=\"text-align: center;\">En 2020 seguimos estando cerca de ti. Durante todo el a\u00f1o, de manera presencial o virtual, estuvimos cerca de ti, con nuestras iniciativas y proyectos.<\/h3>\n<p><img loading=\"lazy\" decoding=\"async\" class=\"wp-image-2179 alignleft\" src=\"https:\/\/cedei.com.co\/wp\/wp-content\/uploads\/2021\/03\/Informe-de-Gestion-2020-Portada.jpg\" alt=\"Informe de gesti\u00f3n 2020\" width=\"319\" height=\"452\" srcset=\"https:\/\/cedei.com.co\/wp-content\/uploads\/2021\/03\/Informe-de-Gestion-2020-Portada.jpg 1414w, https:\/\/cedei.com.co\/wp-content\/uploads\/2021\/03\/Informe-de-Gestion-2020-Portada-212x300.jpg 212w\" sizes=\"(max-width: 319px) 100vw, 319px\" \/><\/p>\n<p>&nbsp;<\/p>\n<p>Durante el 2020 y dando cumplimiento al plan operativo 2019-2020 de la Corporaci\u00f3n CEDEI, se&nbsp;implementaron acciones, en los tres ejes estrat\u00e9gicos que estructuran el trabajo de nuestra&nbsp;organizaci\u00f3n:<\/p>\n<p>Eje de desarrollo humano y social.<\/p>\n<p>Eje de investigaci\u00f3n y gesti\u00f3n del conocimiento.<\/p>\n<p>Eje de desarrollo de capacidades.<\/p>\n<p>El presente informe muestra los programas&nbsp; y proyectos implementados, agrupados por eje; as\u00ed como la informaci\u00f3n estad\u00edstica general correspondiente a la gesti\u00f3n general de la organizaci\u00f3n.&nbsp;<\/p>\n<p>Puedes acceder a la informaci\u00f3n siguiendo los siguientes enlaces:<\/p>\n<p>&nbsp;<\/p>\n<p>&nbsp;<\/p>\n<p><a href=\"https:\/\/cedei.com.co\/wp-content\/uploads\/2021\/03\/Informe-de-Gestio\u0301n-2020-rid.pdf\">Informe de Gesti\u00f3n CEDEI 2020<\/a><\/p>\n<p><a href=\"https:\/\/cedei.com.co\/wp-content\/uploads\/2021\/03\/camara-de-comercio-renovacion-30.03.2021.pdf\">Certificado Existencia y&nbsp; Representaci\u00f3n Legal&nbsp;<\/a><\/p>\n<p><a href=\"https:\/\/cedei.com.co\/wp-content\/uploads\/2020\/05\/Acta-de-Constituci%C3%B3n-CEDEI.pdf\" data-wplink-edit=\"true\">Acta-de-Constituci\u00f3n-CEDEI<\/a><\/p>\n<p><a href=\"https:\/\/cedei.com.co\/wp-content\/uploads\/2019\/05\/Estatutos-oficiales-ccc.pdf\">Estatutos-oficiales-ccc<\/a><\/p>\n<p><a href=\"https:\/\/cedei.com.co\/wp-content\/uploads\/2021\/03\/Certificados-de-antecedentes-de-la-corporacion-y-asociados-1.pdf\">Certificado de antecedentes de la corporaci\u00f3n y sus asociados<\/a><\/p>\n","protected":false},"excerpt":{"rendered":"<p>En 2020 seguimos estando cerca de ti. Durante todo el a\u00f1o, de manera presencial o virtual, estuvimos cerca de ti, con nuestras iniciativas y proyectos. &nbsp; Durante el 2020 y dando cumplimiento al plan operativo 2019-2020 de la Corporaci\u00f3n CEDEI, se&nbsp;implementaron acciones, en los tres ejes estrat\u00e9gicos que estructuran el trabajo de nuestra&nbsp;organizaci\u00f3n: Eje de &hellip;<\/p>\n","protected":false},"author":1,"featured_media":0,"parent":351,"menu_order":0,"comment_status":"closed","ping_status":"closed","template":"","meta":{"_genesis_hide_title":false,"_genesis_hide_breadcrumbs":false,"_genesis_hide_singular_image":false,"_genesis_hide_footer_widgets":false,"_genesis_custom_body_class":"","_genesis_custom_post_class":"","_genesis_layout":"","ngg_post_thumbnail":0,"footnotes":""},"_links":{"self":[{"href":"https:\/\/cedei.com.co\/index.php?rest_route=\/wp\/v2\/pages\/2176"}],"collection":[{"href":"https:\/\/cedei.com.co\/index.php?rest_route=\/wp\/v2\/pages"}],"about":[{"href":"https:\/\/cedei.com.co\/index.php?rest_route=\/wp\/v2\/types\/page"}],"author":[{"embeddable":true,"href":"https:\/\/cedei.com.co\/index.php?rest_route=\/wp\/v2\/users\/1"}],"replies":[{"embeddable":true,"href":"https:\/\/cedei.com.co\/index.php?rest_route=%2Fwp%2Fv2%2Fcomments&post=2176"}],"version-history":[{"count":10,"href":"https:\/\/cedei.com.co\/index.php?rest_route=\/wp\/v2\/pages\/2176\/revisions"}],"predecessor-version":[{"id":3806,"href":"https:\/\/cedei.com.co\/index.php?rest_route=\/wp\/v2\/pages\/2176\/revisions\/3806"}],"up":[{"embeddable":true,"href":"https:\/\/cedei.com.co\/index.php?rest_route=\/wp\/v2\/pages\/351"}],"wp:attachment":[{"href":"https:\/\/cedei.com.co\/index.php?rest_route=%2Fwp%2Fv2%2Fmedia&parent=2176"}],"curies":[{"name":"wp","href":"https:\/\/api.w.org\/{rel}","templated":true}]}}