{"id":2231,"date":"2021-09-06T17:18:37","date_gmt":"2021-09-06T17:18:37","guid":{"rendered":"https:\/\/cedei.com.co\/?page_id=2231"},"modified":"2026-01-10T08:36:56","modified_gmt":"2026-01-10T08:36:56","slug":"publicaciones","status":"publish","type":"page","link":"https:\/\/cedei.com.co\/?page_id=2231","title":{"rendered":"Publicaciones"},"content":{"rendered":"<p>&nbsp;<\/p>\n<h4><span class=\"HwtZe\" lang=\"es\"><span class=\"jCAhz ChMk0b\"><span class=\"ryNqvb\">\u00c1rea de Investigaci\u00f3n y Desarrollo<\/span><\/span><\/span><\/h4>\n<p><a href=\"https:\/\/cedei.com.co\/wp-content\/uploads\/2026\/01\/Mapeo-de-Actores-CARIDONNA-y-Centro-de-Agregacion.pdf\"><strong>CARIDONNA &#8211; Voces Policrom\u00e1ticas: Arte y Equidad<\/strong><\/a> (PDF &#8211; 2025)<br \/>\nRelieve de Actores Sociales del territorio de Mahates &#8211; Cabecera<br \/>\nRoxi Montero P., Alfonso Amar\u00eds P.<\/p>\n<h4 style=\"text-align: left;\">Semillas de Rutas<\/h4>\n<p style=\"text-align: left;\"><a href=\"https:\/\/cedei.com.co\/wp-content\/uploads\/2025\/06\/001-Ambientes-y-espacios-para-una-pedagogia-del-buen-gusto.pdf\">001 &#8211; Ambientes y espacios para una pedagogi\u0301a del buen gusto&nbsp;<\/a> (PDF &#8211; 2025)<\/p>\n<p><a href=\"https:\/\/cedei.com.co\/wp-content\/uploads\/2025\/06\/002-Area-bambini-rossa.pdf\">002 &#8211; Area bambini rossa<\/a> (PDF &#8211; 2025)<\/p>\n<p><a href=\"https:\/\/cedei.com.co\/wp-content\/uploads\/2025\/06\/003-FORMARSE-Y-APRENDER-JUNTOS-.pdf\">003 &#8211; FORMARSE Y APRENDER JUNTOS<\/a> (PDF &#8211; 2025)<\/p>\n<p><a href=\"https:\/\/cedei.com.co\/wp-content\/uploads\/2025\/06\/005-La-Propuesta-Educativa-de-Pistoia.pdf\">005 &#8211; La Propuesta Educativa de Pistoia<\/a> (PDF &#8211; 2025)<\/p>\n<p><a href=\"https:\/\/cedei.com.co\/wp-content\/uploads\/2025\/06\/006-Politica-pedagogia-y-territorio-Toscana.pdf\">006 &#8211; Poli\u0301tica pedagogi\u0301a y territorio &#8211; Toscana<\/a> (PDF &#8211; 2025)<\/p>\n<p><a href=\"https:\/\/cedei.com.co\/wp-content\/uploads\/2025\/06\/007-La-Propuesta-Educativa-de-Reggio-Aproach.pdf\">007 &#8211; La Propuesta Educativa de Reggio Aproach<\/a> (PDF &#8211; 2025)<\/p>\n<p><a href=\"https:\/\/cedei.com.co\/wp-content\/uploads\/2025\/06\/008-La-Propuesta-educativa-del-GIROS-Approach.pdf\">008 &#8211; La Propuesta educativa del GIROS Approach<\/a> (PDF &#8211; 2025)<\/p>\n<h4 style=\"text-align: center;\">&nbsp;<\/h4>\n","protected":false},"excerpt":{"rendered":"<p>&nbsp; \u00c1rea de Investigaci\u00f3n y Desarrollo CARIDONNA &#8211; Voces Policrom\u00e1ticas: Arte y Equidad (PDF &#8211; 2025) Relieve de Actores Sociales del territorio de Mahates &#8211; Cabecera Roxi Montero P., Alfonso Amar\u00eds P. Semillas de Rutas 001 &#8211; Ambientes y espacios para una pedagogi\u0301a del buen gusto&nbsp; (PDF &#8211; 2025) 002 &#8211; Area bambini rossa (PDF &hellip;<\/p>\n","protected":false},"author":1,"featured_media":0,"parent":1165,"menu_order":0,"comment_status":"closed","ping_status":"closed","template":"","meta":{"_genesis_hide_title":false,"_genesis_hide_breadcrumbs":false,"_genesis_hide_singular_image":false,"_genesis_hide_footer_widgets":false,"_genesis_custom_body_class":"","_genesis_custom_post_class":"","_genesis_layout":"","ngg_post_thumbnail":0,"footnotes":""},"_links":{"self":[{"href":"https:\/\/cedei.com.co\/index.php?rest_route=\/wp\/v2\/pages\/2231"}],"collection":[{"href":"https:\/\/cedei.com.co\/index.php?rest_route=\/wp\/v2\/pages"}],"about":[{"href":"https:\/\/cedei.com.co\/index.php?rest_route=\/wp\/v2\/types\/page"}],"author":[{"embeddable":true,"href":"https:\/\/cedei.com.co\/index.php?rest_route=\/wp\/v2\/users\/1"}],"replies":[{"embeddable":true,"href":"https:\/\/cedei.com.co\/index.php?rest_route=%2Fwp%2Fv2%2Fcomments&post=2231"}],"version-history":[{"count":21,"href":"https:\/\/cedei.com.co\/index.php?rest_route=\/wp\/v2\/pages\/2231\/revisions"}],"predecessor-version":[{"id":6512,"href":"https:\/\/cedei.com.co\/index.php?rest_route=\/wp\/v2\/pages\/2231\/revisions\/6512"}],"up":[{"embeddable":true,"href":"https:\/\/cedei.com.co\/index.php?rest_route=\/wp\/v2\/pages\/1165"}],"wp:attachment":[{"href":"https:\/\/cedei.com.co\/index.php?rest_route=%2Fwp%2Fv2%2Fmedia&parent=2231"}],"curies":[{"name":"wp","href":"https:\/\/api.w.org\/{rel}","templated":true}]}}