{"id":2516,"date":"2023-03-21T10:05:47","date_gmt":"2023-03-21T10:05:47","guid":{"rendered":"https:\/\/cedei.com.co\/?page_id=2516"},"modified":"2024-01-13T19:02:00","modified_gmt":"2024-01-13T19:02:00","slug":"giros","status":"publish","type":"page","link":"https:\/\/cedei.com.co\/?page_id=2516","title":{"rendered":"Giros"},"content":{"rendered":"<h2><span style=\"color: #ff6600;\">Giros<\/span> es un lugar para la primera infancia,<br \/>\npromueve el desarrollo integral de los ni\u00f1os y ni\u00f1as.<\/h2>\n<p><strong>El Modelo educativo del Programa GIROS para la primera infancia,&nbsp; promueve el desarrollo integral de los ni\u00f1os y ni\u00f1as. Se integran en este modelo, el cuidado, la atenci\u00f3n, la estimulaci\u00f3n y la educaci\u00f3n, en armon\u00eda con las necesidades de los participantes. En GIROS se promueve la transformaci\u00f3n de potencialidades en capacidades y el fortalecimiento de la autonom\u00eda. Todo esto con la alegr\u00eda y el goce propios de la primera infancia.<\/strong><\/p>\n<p>Las bases de las personas que somos, se construyen durante la primera infancia. La educaci\u00f3n proporciona las bases que determinan la forma como cada persona afronta la vida; para vivir plenamente y contribuir al desarrollo de su entorno social, o para no hacerlo. Estas bases que se dan en primera instancia en el hogar y se consolidan en la escuela; estos dos entornos determinan los valores, h\u00e1bitos y conductas, las habilidades, destrezas e inteligencias de los ni\u00f1os. Sea de manera intencionada o no.<\/p>\n<p>Es un asunto vital para padres, madres y cuidadores, el escoger la instituci\u00f3n que los acompa\u00f1ar\u00e1 en el proceso educativo de sus hijos e hijas, incluyendo el modelo educativo que utilizar\u00e1n, los valores y la filosof\u00eda que se vivencia en ese entorno.&nbsp;El programa GIROS nace como una alternativa para acompa\u00f1ar, en un esquema de trabajo y aprendizaje mutuo a los responsables de la crianza y formaci\u00f3n, en el proceso de educar a los ni\u00f1os y ni\u00f1as durante su primera infancia.<\/p>\n<h4><img loading=\"lazy\" decoding=\"async\" class=\"alignnone wp-image-2676 size-full\" src=\"https:\/\/cedei.com.co\/wp\/wp-content\/uploads\/2023\/03\/7.jpg\" alt=\"\" width=\"800\" height=\"532\" srcset=\"https:\/\/cedei.com.co\/wp-content\/uploads\/2023\/03\/7.jpg 800w, https:\/\/cedei.com.co\/wp-content\/uploads\/2023\/03\/7-300x200.jpg 300w, https:\/\/cedei.com.co\/wp-content\/uploads\/2023\/03\/7-768x511.jpg 768w\" sizes=\"(max-width: 800px) 100vw, 800px\" \/><\/h4>\n<h4>\u00bfQUE ES GIROS ?<\/h4>\n<p>Es un programa de la corporaci\u00f3n CEDEI que pretende propiciar condiciones de desarrollo para&nbsp;&nbsp; la primera infancia; a trav\u00e9s de la implementaci\u00f3n de acciones de educaci\u00f3n, atenci\u00f3n y estimulaci\u00f3n directa con los ni\u00f1os y las ni\u00f1as. De esta manera que se logra promover el desarrollo de sus potencialidades, en las diferentes dimensiones humanas.<\/p>\n<p>La propuesta de GIROS contempla tambi\u00e9n el trabajo con los padres, madres y cuidadores para el desarrollo de sus habilidades parentales, la promoci\u00f3n de h\u00e1bitos saludables y la realizaci\u00f3n de acciones de proyecci\u00f3n a la comunidad. Estas tareas son generadas desde un facilitador profesional en psicolog\u00eda y desarrollo humano, tanto como desde las pr\u00e1cticas y h\u00e1bitos trabajados en GIROS con los ni\u00f1os y ni\u00f1as.<\/p>\n<p>El programa GIROS contempla la presencia de facilitadores especializados en diferentes \u00e1reas art\u00edsticas, cient\u00edficas y creativas, la planeaci\u00f3n de acciones en concordancia con el modelo CEDEI para el Desarrollo de la Persona y la proyecci\u00f3n de la acci\u00f3n hacia el entorno familiar inmediato de los ni\u00f1os y las ni\u00f1as. Se atienden ni\u00f1os hasta antes de los seis a\u00f1os y se certifica su desarrollo en t\u00e9rminos dimensionales.<\/p>\n<h4>Lo que hacemos en GIROS<\/h4>\n<p>Este servicio formativo va m\u00e1s all\u00e1 del rol de simples cuidadores. Incluye la atenci\u00f3n para el desarrollo de las potencialidades humanas y la promoci\u00f3n de las condiciones para este desarrollo en los dem\u00e1s espacios vitales de los ni\u00f1os y las ni\u00f1as:<\/p>\n<ul>\n<li>Seguimiento en salud y bienestar.<\/li>\n<li>Socializaci\u00f3n.<\/li>\n<li>Los procesos creativos como veh\u00edculo de desarrollo: Pensamiento cient\u00edfico-creativo, sensibilizaci\u00f3n art\u00edstica (m\u00fasica, pl\u00e1stica, danzas y expresi\u00f3n corporal).<\/li>\n<li>Reconocimiento del espacio vital.<\/li>\n<li>Promoci\u00f3n del desarrollo del ni\u00f1o con padres, madres y cuidadores en el hogar.<\/li>\n<li>Educaci\u00f3n continuada a profesionales que trabajen con la primera infancia.<\/li>\n<\/ul>\n<p>El ejercicio de esta tarea es liderado por un equipo interdisciplinario que hace posible una participaci\u00f3n gozosa de los ni\u00f1os, las ni\u00f1as y sus familias, aportan a su desarrollo integral, a trav\u00e9s de sus potencialidades las ocho dimensiones del desarrollo. Esto proporciona a los ni\u00f1os y las ni\u00f1as mayores oportunidades y mejores condiciones para asumir la vida.<\/p>\n<p><img loading=\"lazy\" decoding=\"async\" class=\"alignnone size-full wp-image-2677\" src=\"https:\/\/cedei.com.co\/wp\/wp-content\/uploads\/2023\/03\/2.jpg\" alt=\"\" width=\"798\" height=\"532\" srcset=\"https:\/\/cedei.com.co\/wp-content\/uploads\/2023\/03\/2.jpg 798w, https:\/\/cedei.com.co\/wp-content\/uploads\/2023\/03\/2-300x200.jpg 300w, https:\/\/cedei.com.co\/wp-content\/uploads\/2023\/03\/2-768x512.jpg 768w\" sizes=\"(max-width: 798px) 100vw, 798px\" \/><\/p>\n<h4>Objetivo General<\/h4>\n<p>Ofrecer un servicio&nbsp; de calidad para la atenci\u00f3n, estimulaci\u00f3n&nbsp; y cuidado ni\u00f1os y ni\u00f1as, durante la primera infancia; con predominio de la autonom\u00eda y la estimulaci\u00f3n de las potencialidades humanas, a trav\u00e9s de la implementaci\u00f3n del modelo CEDEI para el desarrollo integral de la persona.<\/p>\n<h4>Objetivos Espec\u00edficos&nbsp;<\/h4>\n<ul>\n<li>Promover el desarrollo de las potencialidades de ni\u00f1os y ni\u00f1as en las ocho dimensiones o esferas de la persona.<\/li>\n<li>Fortalecer las habilidades de pensamiento en los ni\u00f1os mediante procesos creativos.<\/li>\n<li>Promover el desarrollo y apropiaci\u00f3n de nociones, conceptos y capacidades en los ni\u00f1os y ni\u00f1as participantes.<\/li>\n<li>Incentivar la participaci\u00f3n positiva de padres, madres y cuidadores en el desarrollo integral de los ni\u00f1os y las ni\u00f1as.<\/li>\n<li>Ayudar al desarrollo de h\u00e1bitos saludables con ni\u00f1os, ni\u00f1as, con el contexto familiar y el entorno social.<\/li>\n<li>Promover el desarrollo de capacidades para la atenci\u00f3n y estimulaci\u00f3n de ni\u00f1os y ni\u00f1as, en cuidadores, profesionales y adultos significativos.<\/li>\n<li>Generar conocimiento cient\u00edfico para el avance de las disciplinas relacionadas con la primera infancia.<\/li>\n<\/ul>\n","protected":false},"excerpt":{"rendered":"<p>Giros es un lugar para la primera infancia, promueve el desarrollo integral de los ni\u00f1os y ni\u00f1as. El Modelo educativo del Programa GIROS para la primera infancia,&nbsp; promueve el desarrollo integral de los ni\u00f1os y ni\u00f1as. Se integran en este modelo, el cuidado, la atenci\u00f3n, la estimulaci\u00f3n y la educaci\u00f3n, en armon\u00eda con las necesidades &hellip;<\/p>\n","protected":false},"author":1,"featured_media":0,"parent":77,"menu_order":0,"comment_status":"closed","ping_status":"closed","template":"","meta":{"_genesis_hide_title":false,"_genesis_hide_breadcrumbs":false,"_genesis_hide_singular_image":false,"_genesis_hide_footer_widgets":false,"_genesis_custom_body_class":"","_genesis_custom_post_class":"","_genesis_layout":"","ngg_post_thumbnail":0,"footnotes":""},"_links":{"self":[{"href":"https:\/\/cedei.com.co\/index.php?rest_route=\/wp\/v2\/pages\/2516"}],"collection":[{"href":"https:\/\/cedei.com.co\/index.php?rest_route=\/wp\/v2\/pages"}],"about":[{"href":"https:\/\/cedei.com.co\/index.php?rest_route=\/wp\/v2\/types\/page"}],"author":[{"embeddable":true,"href":"https:\/\/cedei.com.co\/index.php?rest_route=\/wp\/v2\/users\/1"}],"replies":[{"embeddable":true,"href":"https:\/\/cedei.com.co\/index.php?rest_route=%2Fwp%2Fv2%2Fcomments&post=2516"}],"version-history":[{"count":9,"href":"https:\/\/cedei.com.co\/index.php?rest_route=\/wp\/v2\/pages\/2516\/revisions"}],"predecessor-version":[{"id":3201,"href":"https:\/\/cedei.com.co\/index.php?rest_route=\/wp\/v2\/pages\/2516\/revisions\/3201"}],"up":[{"embeddable":true,"href":"https:\/\/cedei.com.co\/index.php?rest_route=\/wp\/v2\/pages\/77"}],"wp:attachment":[{"href":"https:\/\/cedei.com.co\/index.php?rest_route=%2Fwp%2Fv2%2Fmedia&parent=2516"}],"curies":[{"name":"wp","href":"https:\/\/api.w.org\/{rel}","templated":true}]}}