{"id":254,"date":"2019-03-30T17:16:47","date_gmt":"2019-03-30T17:16:47","guid":{"rendered":"https:\/\/cedei.com.co\/wp\/?page_id=254"},"modified":"2024-01-14T16:12:42","modified_gmt":"2024-01-14T16:12:42","slug":"conocimiento","status":"publish","type":"page","link":"https:\/\/cedei.com.co\/?page_id=254","title":{"rendered":"Conocimiento"},"content":{"rendered":"<h2>Investigaci\u00f3n y Gesti\u00f3n del Conocimiento<\/h2>\n<p>A trav\u00e9s de este eje estrat\u00e9gico se vive la vocaci\u00f3n cient\u00edfica de la Corporaci\u00f3n CEDEI. La investigaci\u00f3n cient\u00edfica es considerada en nuestra organizaci\u00f3n, como la ruta para la resoluci\u00f3n de los problemas reales de las personas y los grupos humanos, que facilita el conocimiento y la comprensi\u00f3n de la realidad, para su transformaci\u00f3n m\u00e1s eficaz.<\/p>\n<p>As\u00ed mismo, la gesti\u00f3n del conocimiento, entendida por <strong>CEDEI<\/strong> c\u00f3mo un proceso de investigaci\u00f3n centrada en la transformaci\u00f3n de la realidad, a trav\u00e9s de la triada I+D+I; permite el abordaje de los problemas del desarrollo humano y social, desde la indagaci\u00f3n centrada en la experiencia.<\/p>\n<hr>\n<p><strong>Algunas de nuestra acciones en este eje<\/strong>:<\/p>\n<ul>\n<li>Dise\u00f1o del programa Ni\u00f1os y Ni\u00f1as Raizales con Bienestar (CAJASAI-Gobernaci\u00f3n de SAI).<\/li>\n<li>Sistematizaci\u00f3n de la experiencia \u201c<strong>Entornos Protectores<\/strong>\u201d en el municipio de Providencia (Gobernaci\u00f3n de SAI).<\/li>\n<li>Gesti\u00f3n integral del conocimiento del <strong>proyecto COMBAS<\/strong> (Fundaci\u00f3n Mamonal).<\/li>\n<li>Caracterizaci\u00f3n de la poblaci\u00f3n beneficiaria de la SDS en la isla de San Andr\u00e9s (Gobernaci\u00f3n de SAI)<\/li>\n<li>Teor\u00eda del cambio del <strong>Proyecto PODEMOS<\/strong> en el marco de <strong>Comunidades que Educan<\/strong> (Fundaci\u00f3n PROMIGAS).<\/li>\n<li>Gesti\u00f3n Integral del conocimiento del proyecto <strong>Escuela de Alta Direcci\u00f3n Educativa \u2013 EADE<\/strong> (Fundaci\u00f3n Mamonal).<\/li>\n<\/ul>\n","protected":false},"excerpt":{"rendered":"<p>Investigaci\u00f3n y Gesti\u00f3n del Conocimiento A trav\u00e9s de este eje estrat\u00e9gico se vive la vocaci\u00f3n cient\u00edfica de la Corporaci\u00f3n CEDEI. La investigaci\u00f3n cient\u00edfica es considerada en nuestra organizaci\u00f3n, como la ruta para la resoluci\u00f3n de los problemas reales de las personas y los grupos humanos, que facilita el conocimiento y la comprensi\u00f3n de la realidad, &hellip;<\/p>\n","protected":false},"author":1,"featured_media":0,"parent":2518,"menu_order":0,"comment_status":"closed","ping_status":"closed","template":"","meta":{"_genesis_hide_title":false,"_genesis_hide_breadcrumbs":false,"_genesis_hide_singular_image":false,"_genesis_hide_footer_widgets":false,"_genesis_custom_body_class":"","_genesis_custom_post_class":"","_genesis_layout":"","ngg_post_thumbnail":0,"footnotes":""},"_links":{"self":[{"href":"https:\/\/cedei.com.co\/index.php?rest_route=\/wp\/v2\/pages\/254"}],"collection":[{"href":"https:\/\/cedei.com.co\/index.php?rest_route=\/wp\/v2\/pages"}],"about":[{"href":"https:\/\/cedei.com.co\/index.php?rest_route=\/wp\/v2\/types\/page"}],"author":[{"embeddable":true,"href":"https:\/\/cedei.com.co\/index.php?rest_route=\/wp\/v2\/users\/1"}],"replies":[{"embeddable":true,"href":"https:\/\/cedei.com.co\/index.php?rest_route=%2Fwp%2Fv2%2Fcomments&post=254"}],"version-history":[{"count":10,"href":"https:\/\/cedei.com.co\/index.php?rest_route=\/wp\/v2\/pages\/254\/revisions"}],"predecessor-version":[{"id":3234,"href":"https:\/\/cedei.com.co\/index.php?rest_route=\/wp\/v2\/pages\/254\/revisions\/3234"}],"up":[{"embeddable":true,"href":"https:\/\/cedei.com.co\/index.php?rest_route=\/wp\/v2\/pages\/2518"}],"wp:attachment":[{"href":"https:\/\/cedei.com.co\/index.php?rest_route=%2Fwp%2Fv2%2Fmedia&parent=254"}],"curies":[{"name":"wp","href":"https:\/\/api.w.org\/{rel}","templated":true}]}}