{"id":258,"date":"2019-03-30T17:17:46","date_gmt":"2019-03-30T17:17:46","guid":{"rendered":"https:\/\/cedei.com.co\/wp\/?page_id=258"},"modified":"2024-04-04T09:48:42","modified_gmt":"2024-04-04T09:48:42","slug":"capacidades","status":"publish","type":"page","link":"https:\/\/cedei.com.co\/?page_id=258","title":{"rendered":"Capacidades"},"content":{"rendered":"<h2>Generaci\u00f3n de Capacidades<\/h2>\n<p>La construcci\u00f3n de entornos y oportunidades para el desarrollo, es uno de los principios del <strong>Modelo CEDEI<\/strong>. Espacios de formaci\u00f3n, entornos comunitarios, educativos, organizacionales\/institucionales, entre otros; son objeto de la acci\u00f3n intencionada. La generaci\u00f3n de capacidades se hace realidad a trav\u00e9s de la acci\u00f3n consciente que posibilita la creaci\u00f3n de esos espacios y oportunidades.<\/p>\n<p>La generaci\u00f3n de capacidades, es una posibilidad que se concreta en la transferencia del <strong>Modelo CEDEI<\/strong>, de sus pilares y su visi\u00f3n del desarrollo. Tambi\u00e9n es una posibilidad que se activa a trav\u00e9s de la interacci\u00f3n con los otros dos ejes estrat\u00e9gicos. As\u00ed la generaci\u00f3n de capacidades es el resultado natural de los procesos de desarrollo de la persona; al tiempo que se vale de los productos y aprendizajes de los procesos de investigaci\u00f3n y gesti\u00f3n del conocimiento desarrollados.<\/p>\n<hr>\n<p><strong>Algunas de nuestras acciones en este eje<\/strong>:<\/p>\n<ul>\n<li>Certificaci\u00f3n de facilitadores con el<strong> Modelo CEDEI<\/strong>, para el desarrollo integral de la persona.<\/li>\n<li>Diplomado en procesos educativos para el desarrollo integral de la Primera Infancia.<\/li>\n<li><strong>Transferencia del Modelo CEDEI<\/strong> a organizaciones de base.<\/li>\n<li><strong>Transferencia del Modelo CEDEI<\/strong> a instituciones y organizaciones consolidadas.<\/li>\n<li>Sat\u00e9lites de <a href=\"https:\/\/cedei.com.co\/?page_id=2516\">GIROS<\/a>, para la atenci\u00f3n y estimulaci\u00f3n a la primera infancia.<\/li>\n<\/ul>\n","protected":false},"excerpt":{"rendered":"<p>Generaci\u00f3n de Capacidades La construcci\u00f3n de entornos y oportunidades para el desarrollo, es uno de los principios del Modelo CEDEI. Espacios de formaci\u00f3n, entornos comunitarios, educativos, organizacionales\/institucionales, entre otros; son objeto de la acci\u00f3n intencionada. La generaci\u00f3n de capacidades se hace realidad a trav\u00e9s de la acci\u00f3n consciente que posibilita la creaci\u00f3n de esos espacios &hellip;<\/p>\n","protected":false},"author":1,"featured_media":0,"parent":2518,"menu_order":0,"comment_status":"closed","ping_status":"closed","template":"","meta":{"_genesis_hide_title":false,"_genesis_hide_breadcrumbs":false,"_genesis_hide_singular_image":false,"_genesis_hide_footer_widgets":false,"_genesis_custom_body_class":"","_genesis_custom_post_class":"","_genesis_layout":"","ngg_post_thumbnail":0,"footnotes":""},"_links":{"self":[{"href":"https:\/\/cedei.com.co\/index.php?rest_route=\/wp\/v2\/pages\/258"}],"collection":[{"href":"https:\/\/cedei.com.co\/index.php?rest_route=\/wp\/v2\/pages"}],"about":[{"href":"https:\/\/cedei.com.co\/index.php?rest_route=\/wp\/v2\/types\/page"}],"author":[{"embeddable":true,"href":"https:\/\/cedei.com.co\/index.php?rest_route=\/wp\/v2\/users\/1"}],"replies":[{"embeddable":true,"href":"https:\/\/cedei.com.co\/index.php?rest_route=%2Fwp%2Fv2%2Fcomments&post=258"}],"version-history":[{"count":10,"href":"https:\/\/cedei.com.co\/index.php?rest_route=\/wp\/v2\/pages\/258\/revisions"}],"predecessor-version":[{"id":3486,"href":"https:\/\/cedei.com.co\/index.php?rest_route=\/wp\/v2\/pages\/258\/revisions\/3486"}],"up":[{"embeddable":true,"href":"https:\/\/cedei.com.co\/index.php?rest_route=\/wp\/v2\/pages\/2518"}],"wp:attachment":[{"href":"https:\/\/cedei.com.co\/index.php?rest_route=%2Fwp%2Fv2%2Fmedia&parent=258"}],"curies":[{"name":"wp","href":"https:\/\/api.w.org\/{rel}","templated":true}]}}