{"id":2834,"date":"2023-03-30T10:42:25","date_gmt":"2023-03-30T10:42:25","guid":{"rendered":"https:\/\/cedei.com.co\/?page_id=2834"},"modified":"2025-08-27T14:50:20","modified_gmt":"2025-08-27T14:50:20","slug":"informe-de-gestion-2022","status":"publish","type":"page","link":"https:\/\/cedei.com.co\/?page_id=2834","title":{"rendered":"Informe de Gesti\u00f3n 2022"},"content":{"rendered":"<p>Agradecemos a nuestros aliados la oportunidad de colaborar y construir. Tambi\u00e9n queremos compartir con nuestros participantes y facilitadores, una imagen de lo que hicimos juntos durante el a\u00f1o 2022 y preguntar a quienes leen \u00e9ste informe:&nbsp; <strong>\u00bfC\u00f3mo podemos colaborar?<\/strong><\/p>\n<p><img loading=\"lazy\" decoding=\"async\" class=\"alignnone size-full wp-image-2837\" src=\"https:\/\/cedei.com.co\/wp-content\/uploads\/2023\/03\/copertina-informe-2022.jpg\" alt=\"\" width=\"120\" height=\"120\" srcset=\"https:\/\/cedei.com.co\/wp-content\/uploads\/2023\/03\/copertina-informe-2022.jpg 120w, https:\/\/cedei.com.co\/wp-content\/uploads\/2023\/03\/copertina-informe-2022-80x80.jpg 80w\" sizes=\"(max-width: 120px) 100vw, 120px\" \/><\/p>\n<p><a href=\"https:\/\/cedei.com.co\/wp-content\/uploads\/2023\/04\/CEDEI-Informe-de-Gestion-2022-2.pdf\" target=\"_blank\" rel=\"noopener\">Informe de Gesti\u00f3n 2022<\/a><\/p>\n<p><a href=\"https:\/\/cedei.com.co\/wp-content\/uploads\/2023\/03\/Certificado-Camara-de-Comercio-2022.pdf\">Certificado C\u00e1mara de Comercio 2023<\/a><\/p>\n<p><a href=\"https:\/\/cedei.com.co\/wp-content\/uploads\/2023\/03\/EQUIPO-CEDEI.pdf\">EQUIPO CEDEI 2022<\/a><\/p>\n<p><a href=\"https:\/\/cedei.com.co\/wp-content\/uploads\/2023\/03\/Antecedentes-de-CEDEI-y-su-Junta-Directiva.pdf\">Antecedentes de CEDEI y su Junta Directiva<\/a><\/p>\n<p><a href=\"https:\/\/cedei.com.co\/wp-content\/uploads\/2023\/03\/Estados-financieros-con-Notas-a-diciembre-2022.pdf\">Estados financieros con Notas a diciembre 2022 y 2021<\/a><\/p>\n","protected":false},"excerpt":{"rendered":"<p>Agradecemos a nuestros aliados la oportunidad de colaborar y construir. Tambi\u00e9n queremos compartir con nuestros participantes y facilitadores, una imagen de lo que hicimos juntos durante el a\u00f1o 2022 y preguntar a quienes leen \u00e9ste informe:&nbsp; \u00bfC\u00f3mo podemos colaborar? Informe de Gesti\u00f3n 2022 Certificado C\u00e1mara de Comercio 2023 EQUIPO CEDEI 2022 Antecedentes de CEDEI y &hellip;<\/p>\n","protected":false},"author":1,"featured_media":2837,"parent":351,"menu_order":0,"comment_status":"closed","ping_status":"closed","template":"","meta":{"_genesis_hide_title":false,"_genesis_hide_breadcrumbs":false,"_genesis_hide_singular_image":false,"_genesis_hide_footer_widgets":false,"_genesis_custom_body_class":"","_genesis_custom_post_class":"","_genesis_layout":"","ngg_post_thumbnail":0,"footnotes":""},"_links":{"self":[{"href":"https:\/\/cedei.com.co\/index.php?rest_route=\/wp\/v2\/pages\/2834"}],"collection":[{"href":"https:\/\/cedei.com.co\/index.php?rest_route=\/wp\/v2\/pages"}],"about":[{"href":"https:\/\/cedei.com.co\/index.php?rest_route=\/wp\/v2\/types\/page"}],"author":[{"embeddable":true,"href":"https:\/\/cedei.com.co\/index.php?rest_route=\/wp\/v2\/users\/1"}],"replies":[{"embeddable":true,"href":"https:\/\/cedei.com.co\/index.php?rest_route=%2Fwp%2Fv2%2Fcomments&post=2834"}],"version-history":[{"count":8,"href":"https:\/\/cedei.com.co\/index.php?rest_route=\/wp\/v2\/pages\/2834\/revisions"}],"predecessor-version":[{"id":3805,"href":"https:\/\/cedei.com.co\/index.php?rest_route=\/wp\/v2\/pages\/2834\/revisions\/3805"}],"up":[{"embeddable":true,"href":"https:\/\/cedei.com.co\/index.php?rest_route=\/wp\/v2\/pages\/351"}],"wp:featuredmedia":[{"embeddable":true,"href":"https:\/\/cedei.com.co\/index.php?rest_route=\/wp\/v2\/media\/2837"}],"wp:attachment":[{"href":"https:\/\/cedei.com.co\/index.php?rest_route=%2Fwp%2Fv2%2Fmedia&parent=2834"}],"curies":[{"name":"wp","href":"https:\/\/api.w.org\/{rel}","templated":true}]}}