{"id":340,"date":"2019-03-31T14:24:14","date_gmt":"2019-03-31T14:24:14","guid":{"rendered":"https:\/\/cedei.com.co\/wp\/?page_id=340"},"modified":"2024-04-04T08:42:11","modified_gmt":"2024-04-04T08:42:11","slug":"somos-cedei","status":"publish","type":"page","link":"https:\/\/cedei.com.co\/?page_id=340","title":{"rendered":"Somos CEDEI"},"content":{"rendered":"<h3>La&nbsp;<strong>Corporaci\u00f3n Centro para el Desarrollo, la Educaci\u00f3n y la Investigaci\u00f3n<\/strong>&nbsp;\u2013&nbsp;<strong>CEDEI,<\/strong>&nbsp;es una&nbsp;<strong>organizaci\u00f3n sin \u00e1nimo de lucro.<\/strong><\/h3>\n<h3><img loading=\"lazy\" decoding=\"async\" class=\"alignnone size-full wp-image-2785\" src=\"https:\/\/cedei.com.co\/wp-content\/uploads\/2021\/10\/giros_003.jpg\" alt=\"\" width=\"1280\" height=\"851\" srcset=\"https:\/\/cedei.com.co\/wp-content\/uploads\/2021\/10\/giros_003.jpg 1280w, https:\/\/cedei.com.co\/wp-content\/uploads\/2021\/10\/giros_003-300x199.jpg 300w, https:\/\/cedei.com.co\/wp-content\/uploads\/2021\/10\/giros_003-1024x681.jpg 1024w, https:\/\/cedei.com.co\/wp-content\/uploads\/2021\/10\/giros_003-768x511.jpg 768w\" sizes=\"(max-width: 1280px) 100vw, 1280px\" \/><\/h3>\n<p>Creada con el objetivo de contribuir al desarrollo integral de las personas y de su entorno social, a trav\u00e9s del despliegue de tres ejes estrat\u00e9gicos:&nbsp;<strong>Desarrollo Humano y Social<\/strong>,<strong>&nbsp;Investigaci\u00f3n y Gesti\u00f3n del Conocimiento y, Generaci\u00f3n de Capacidades<\/strong>.<\/p>\n<h4 style=\"text-align: center;\"><em>Un espacio para&nbsp;so\u00f1ar juntos.<\/em><\/h4>\n<h4 style=\"text-align: center;\"><em>Un espacio para&nbsp;construir y realizar.<\/em><\/h4>\n<h4 style=\"text-align: center;\"><em>Un espacio para&nbsp;transformar las potencialidades&nbsp;en realidades, en capacidades.<\/em><\/h4>\n<h4 style=\"text-align: center;\"><em>Un espacio para&nbsp;ser con otros desde la autonom\u00eda.<\/em><\/h4>\n","protected":false},"excerpt":{"rendered":"<p>La&nbsp;Corporaci\u00f3n Centro para el Desarrollo, la Educaci\u00f3n y la Investigaci\u00f3n&nbsp;\u2013&nbsp;CEDEI,&nbsp;es una&nbsp;organizaci\u00f3n sin \u00e1nimo de lucro. Creada con el objetivo de contribuir al desarrollo integral de las personas y de su entorno social, a trav\u00e9s del despliegue de tres ejes estrat\u00e9gicos:&nbsp;Desarrollo Humano y Social,&nbsp;Investigaci\u00f3n y Gesti\u00f3n del Conocimiento y, Generaci\u00f3n de Capacidades. Un espacio para&nbsp;so\u00f1ar juntos. &hellip;<\/p>\n","protected":false},"author":1,"featured_media":0,"parent":0,"menu_order":0,"comment_status":"closed","ping_status":"closed","template":"","meta":{"_genesis_hide_title":false,"_genesis_hide_breadcrumbs":false,"_genesis_hide_singular_image":false,"_genesis_hide_footer_widgets":false,"_genesis_custom_body_class":"","_genesis_custom_post_class":"","_genesis_layout":"","ngg_post_thumbnail":0,"footnotes":""},"_links":{"self":[{"href":"https:\/\/cedei.com.co\/index.php?rest_route=\/wp\/v2\/pages\/340"}],"collection":[{"href":"https:\/\/cedei.com.co\/index.php?rest_route=\/wp\/v2\/pages"}],"about":[{"href":"https:\/\/cedei.com.co\/index.php?rest_route=\/wp\/v2\/types\/page"}],"author":[{"embeddable":true,"href":"https:\/\/cedei.com.co\/index.php?rest_route=\/wp\/v2\/users\/1"}],"replies":[{"embeddable":true,"href":"https:\/\/cedei.com.co\/index.php?rest_route=%2Fwp%2Fv2%2Fcomments&post=340"}],"version-history":[{"count":8,"href":"https:\/\/cedei.com.co\/index.php?rest_route=\/wp\/v2\/pages\/340\/revisions"}],"predecessor-version":[{"id":3454,"href":"https:\/\/cedei.com.co\/index.php?rest_route=\/wp\/v2\/pages\/340\/revisions\/3454"}],"wp:attachment":[{"href":"https:\/\/cedei.com.co\/index.php?rest_route=%2Fwp%2Fv2%2Fmedia&parent=340"}],"curies":[{"name":"wp","href":"https:\/\/api.w.org\/{rel}","templated":true}]}}