{"id":343,"date":"2019-03-31T14:27:23","date_gmt":"2019-03-31T14:27:23","guid":{"rendered":"https:\/\/cedei.com.co\/wp\/?page_id=343"},"modified":"2024-01-14T16:10:10","modified_gmt":"2024-01-14T16:10:10","slug":"quienes-somos","status":"publish","type":"page","link":"https:\/\/cedei.com.co\/?page_id=343","title":{"rendered":"Qui\u00e9nes somos"},"content":{"rendered":"<p>Fundada en el 2005 y constituida legalmente en el a\u00f1o 2009; <strong>CEDEI<\/strong>&nbsp;nace como una iniciativa de un grupo de profesionales dedicados a la investigaci\u00f3n y al acompa\u00f1amiento de procesos en pro del desarrollo de otras personas, incluyendo diferentes \u00e1reas de trabajo. Implementa procesos creativos, investigativos y educativos como base para el desarrollo integral del sujeto.<\/p>\n<p>El accionar de&nbsp;<strong>CEDEI<\/strong>&nbsp;se fundamenta en el modelo de desarrollo humano estructura por Roxi E. Montero Prens, su fundadora. Este modelo integra en su metodolog\u00eda la facilitaci\u00f3n, los procesos creativos como veh\u00edculo y tres momentos para el desarrollo de la autonom\u00eda. Epistemol\u00f3gicamente, este modelo parte de la perspectiva del desarrollo centrado en las potencialidades. Filos\u00f3ficamente se fundamenta en los principios de la persona como eje del desarrollo, la acci\u00f3n sin da\u00f1o y la construcci\u00f3n de espacios de desarrollo.<\/p>\n<h2>Nuestra Historia<\/h2>\n<h3>El comienzo de Nuestra Historia: Implementaci\u00f3n del Proyecto M\u00e1quina de los Sue\u00f1os con estudiantes de la Instituci\u00f3n Educativa 4<sup>a<\/sup>&nbsp;Poza de Manga y sus familias \u2013 Municipio de Turbaco, 2006.<\/h3>\n<p>Desde su creaci\u00f3n y a lo largo de su historia, CEDEI ha desarrollado programas como: \u201cLa m\u00e1quina de los sue\u00f1os\u201d, en las comunidades de Fredonia y Nuevo Para\u00edso y la IE 4\u00aa Poza de Manga, en Turbaco desde finales de 2005 y hasta 2007. En el mismo \u00e1mbito comunitario, tuvo la responsabilidad de la ejecuci\u00f3n en Cartagena del proyecto Comunidades que Educan, financiado por Fundaci\u00f3n Promig\u00e1s en la Alianza Save the Children \u2013 Red Am\u00e9rica, que inici\u00f3 en 2012, y al que CEDEI se vincul\u00f3 a finales de 2013, hasta 2016. As\u00ed mismo, se implement\u00f3 la estrategia PODEMOS, Desarrollo Local, financiada por la Fundaci\u00f3n Promig\u00e1s (2014 \u2013 2016). Y el proyecto Vive Puerto Rey, desarrollado en alianza con el Consejo Comunitario de Puerto Rey (2016).<\/p>\n<p><strong><br \/>\n<\/strong>En cuanto al uso del arte como veh\u00edculo de desarrollo, desde el a\u00f1o 2010 se desarroll\u00f3 PAJA, programa de acompa\u00f1amiento a j\u00f3venes artistas, apoyado por MINCULTURA, que culmin\u00f3 en 2014. Otro de los proyectos dise\u00f1ados e implementados por CEDEI fue RE-CREANDO, proyecto de Desarrollo Integral, para Fundaci\u00f3n Mamonal, financiado por Dow Quimica (2014-2016).<\/p>\n<p>Desde el 2011 la corporaci\u00f3n CEDEI viene implementando el programa GIROS, para la estimulaci\u00f3n, atenci\u00f3n y desarrollo para la primera infancia y la ni\u00f1ez; el cual se desarrolla como centro experimental en la sede de CEDEI y ha generado hasta la fecha 2 sat\u00e9lites y 2 trasferencias a otras organizaciones.<\/p>\n<h4><strong>Otros Proyectos<\/strong><\/h4>\n<ul>\n<li>Sistematizaci\u00f3n de la Estrategia PODEMOS: Desarrollo Local (2014-2016).<\/li>\n<li>EADE \u2013 COLOMBIA, Escuela de alta direcci\u00f3n educativa, Proyecto de Fundaci\u00f3n Mamonal, para MINEDUCACI\u00d3N, en alianza con la Corporaci\u00f3n CEDEI, Universidad Tecnol\u00f3gica de Bol\u00edvar y SERES Consulting (2015-2016).<\/li>\n<li>Gesti\u00f3n integral del conocimiento del proyecto EADE, financiado por Fundaci\u00f3n Mamonal (2015-216).<\/li>\n<li>Asesor\u00eda a la Secretar\u00eda de Desarrollo Social, Departamento de San Andr\u00e9s y Providencia (2016- Actualmente).<\/li>\n<li>Validaci\u00f3n de instrumentos de evaluaci\u00f3n para el proyecto EADE, financiado por Fundaci\u00f3n Mamonal (2016 -2017).<\/li>\n<li>Sistematizaci\u00f3n de la experiencia Entornos Protectores, isla de Providencia (2017).<\/li>\n<li>Gesti\u00f3n integral del conocimiento proyecto COMBAS, financiado por Fundaci\u00f3n Mamonal (2017).<\/li>\n<li>Dise\u00f1o del Programa Ni\u00f1os, Ni\u00f1as y Adolescentes Raizales con bienestar, para el departamento de San Andr\u00e9s y Providencia (2017).<\/li>\n<\/ul>\n","protected":false},"excerpt":{"rendered":"<p>Fundada en el 2005 y constituida legalmente en el a\u00f1o 2009; CEDEI&nbsp;nace como una iniciativa de un grupo de profesionales dedicados a la investigaci\u00f3n y al acompa\u00f1amiento de procesos en pro del desarrollo de otras personas, incluyendo diferentes \u00e1reas de trabajo. Implementa procesos creativos, investigativos y educativos como base para el desarrollo integral del sujeto. &hellip;<\/p>\n","protected":false},"author":1,"featured_media":0,"parent":340,"menu_order":0,"comment_status":"closed","ping_status":"closed","template":"","meta":{"_genesis_hide_title":false,"_genesis_hide_breadcrumbs":false,"_genesis_hide_singular_image":false,"_genesis_hide_footer_widgets":false,"_genesis_custom_body_class":"","_genesis_custom_post_class":"","_genesis_layout":"","ngg_post_thumbnail":0,"footnotes":""},"_links":{"self":[{"href":"https:\/\/cedei.com.co\/index.php?rest_route=\/wp\/v2\/pages\/343"}],"collection":[{"href":"https:\/\/cedei.com.co\/index.php?rest_route=\/wp\/v2\/pages"}],"about":[{"href":"https:\/\/cedei.com.co\/index.php?rest_route=\/wp\/v2\/types\/page"}],"author":[{"embeddable":true,"href":"https:\/\/cedei.com.co\/index.php?rest_route=\/wp\/v2\/users\/1"}],"replies":[{"embeddable":true,"href":"https:\/\/cedei.com.co\/index.php?rest_route=%2Fwp%2Fv2%2Fcomments&post=343"}],"version-history":[{"count":10,"href":"https:\/\/cedei.com.co\/index.php?rest_route=\/wp\/v2\/pages\/343\/revisions"}],"predecessor-version":[{"id":3231,"href":"https:\/\/cedei.com.co\/index.php?rest_route=\/wp\/v2\/pages\/343\/revisions\/3231"}],"up":[{"embeddable":true,"href":"https:\/\/cedei.com.co\/index.php?rest_route=\/wp\/v2\/pages\/340"}],"wp:attachment":[{"href":"https:\/\/cedei.com.co\/index.php?rest_route=%2Fwp%2Fv2%2Fmedia&parent=343"}],"curies":[{"name":"wp","href":"https:\/\/api.w.org\/{rel}","templated":true}]}}