{"id":345,"date":"2019-03-31T14:27:38","date_gmt":"2019-03-31T14:27:38","guid":{"rendered":"https:\/\/cedei.com.co\/wp\/?page_id=345"},"modified":"2024-01-13T18:41:40","modified_gmt":"2024-01-13T18:41:40","slug":"mision-y-vision","status":"publish","type":"page","link":"https:\/\/cedei.com.co\/?page_id=345","title":{"rendered":"Horizonte Institucional"},"content":{"rendered":"<h3>Nuestra raz\u00f3n de ser: El Desarrollo Humano<\/h3>\n<p>Giros naci\u00f3 con el objeto de Promover el desarrollo de la persona y su entorno social a trav\u00e9s de procesos educativos, investigativos, art\u00edsticos, culturales y de desarrollo econ\u00f3mico, especialmente en beneficio de la poblaci\u00f3n en condici\u00f3n de vulnerabilidad.<\/p>\n<p>Nuestra misi\u00f3n es Promover el desarrollo humano.<\/p>\n<h3>As\u00ed seremos\u2026<\/h3>\n<p>En 2022 CEDEI estar\u00e1 consolidada como una organizaci\u00f3n que genera espacios para potencializar las diferentes dimensiones del desarrollo humano, a partir de procesos integrales donde las personas, comunidades y organizaciones pueden materializar sue\u00f1os, alcanzar metas y realizar proyectos.<\/p>\n<h3>Nuestros Principios<\/h3>\n<p><strong>La persona como eje del desarrollo<\/strong><\/p>\n<p>En el centro de todos los procesos est\u00e1 la persona. Es el objeto\/sujeto del desarrollo humano y es su bienestar y felicidad lo que orienta a la acci\u00f3n<\/p>\n<p><strong>Acci\u00f3n sin da\u00f1o<\/strong><\/p>\n<p>Toda acci\u00f3n que se despliegue para el desarrollo humano debe estar exenta de da\u00f1o hacia quien la realiza y hacia las dem\u00e1s personas<\/p>\n<p><strong>Construcci\u00f3n de espacios de desarrollo<\/strong><\/p>\n<p>Las acciones en el marco de este modelo de desarrollo humano deben generar, propiciar o fortalecer espacios colectivos y aut\u00f3nomos para la continuidad del desarrollo.<\/p>\n<h3>Nuestros Objetivos Estrat\u00e9gicos 2013-2020<\/h3>\n<ul>\n<li>Generar condiciones institucionales y del contexto para facilitar que los sujetos alcancen de manera arm\u00f3nica el pleno desarrollo de sus potencialidades y capacidades.<\/li>\n<li>Desarrollar una cultura de la investigaci\u00f3n para la compresi\u00f3n de las din\u00e1micas del desarrollo humano y social y, a partir de estos, la generaci\u00f3n de estrategias que propicien la potencializaci\u00f3n de capacidades en las personas.<\/li>\n<li>Escalar la transferencia del Modelo CEDEI a organizaciones y profesionales, de tal manera que logren apropiarse del modelo CEDEI e implementarlo de manera exitosa en sus contextos sin detrimento de su identidad institucional.<\/li>\n<\/ul>\n","protected":false},"excerpt":{"rendered":"<p>Nuestra raz\u00f3n de ser: El Desarrollo Humano Giros naci\u00f3 con el objeto de Promover el desarrollo de la persona y su entorno social a trav\u00e9s de procesos educativos, investigativos, art\u00edsticos, culturales y de desarrollo econ\u00f3mico, especialmente en beneficio de la poblaci\u00f3n en condici\u00f3n de vulnerabilidad. Nuestra misi\u00f3n es Promover el desarrollo humano. As\u00ed seremos\u2026 En &hellip;<\/p>\n","protected":false},"author":1,"featured_media":0,"parent":340,"menu_order":0,"comment_status":"closed","ping_status":"closed","template":"","meta":{"_genesis_hide_title":false,"_genesis_hide_breadcrumbs":false,"_genesis_hide_singular_image":false,"_genesis_hide_footer_widgets":false,"_genesis_custom_body_class":"","_genesis_custom_post_class":"","_genesis_layout":"","ngg_post_thumbnail":0,"footnotes":""},"_links":{"self":[{"href":"https:\/\/cedei.com.co\/index.php?rest_route=\/wp\/v2\/pages\/345"}],"collection":[{"href":"https:\/\/cedei.com.co\/index.php?rest_route=\/wp\/v2\/pages"}],"about":[{"href":"https:\/\/cedei.com.co\/index.php?rest_route=\/wp\/v2\/types\/page"}],"author":[{"embeddable":true,"href":"https:\/\/cedei.com.co\/index.php?rest_route=\/wp\/v2\/users\/1"}],"replies":[{"embeddable":true,"href":"https:\/\/cedei.com.co\/index.php?rest_route=%2Fwp%2Fv2%2Fcomments&post=345"}],"version-history":[{"count":9,"href":"https:\/\/cedei.com.co\/index.php?rest_route=\/wp\/v2\/pages\/345\/revisions"}],"predecessor-version":[{"id":3178,"href":"https:\/\/cedei.com.co\/index.php?rest_route=\/wp\/v2\/pages\/345\/revisions\/3178"}],"up":[{"embeddable":true,"href":"https:\/\/cedei.com.co\/index.php?rest_route=\/wp\/v2\/pages\/340"}],"wp:attachment":[{"href":"https:\/\/cedei.com.co\/index.php?rest_route=%2Fwp%2Fv2%2Fmedia&parent=345"}],"curies":[{"name":"wp","href":"https:\/\/api.w.org\/{rel}","templated":true}]}}