{"id":3460,"date":"2024-04-04T09:06:52","date_gmt":"2024-04-04T09:06:52","guid":{"rendered":"https:\/\/cedei.com.co\/?page_id=3460"},"modified":"2024-04-04T10:09:27","modified_gmt":"2024-04-04T10:09:27","slug":"informe-de-gestion-2023","status":"publish","type":"page","link":"https:\/\/cedei.com.co\/?page_id=3460","title":{"rendered":"Informe de Gesti\u00f3n 2023"},"content":{"rendered":"\n<p>Agradecemos a nuestros aliados la oportunidad de colaborar y construir. Tambi\u00e9n queremos compartir con nuestros participantes y facilitadores, una imagen de lo que hicimos juntos durante el a\u00f1o 2023 y preguntar a quienes leen \u00e9ste informe.<\/p>\n\n\n\n<figure class=\"wp-block-image size-full\"><img loading=\"lazy\" decoding=\"async\" width=\"120\" height=\"120\" src=\"https:\/\/cedei.com.co\/wp-content\/uploads\/2024\/04\/Informe-2023.jpg\" alt=\"\" class=\"wp-image-3468\" srcset=\"https:\/\/cedei.com.co\/wp-content\/uploads\/2024\/04\/Informe-2023.jpg 120w, https:\/\/cedei.com.co\/wp-content\/uploads\/2024\/04\/Informe-2023-80x80.jpg 80w\" sizes=\"(max-width: 120px) 100vw, 120px\" \/><\/figure>\n\n\n\n<hr class=\"wp-block-separator has-alpha-channel-opacity\"\/>\n\n\n\n<p><a href=\"https:\/\/cedei.com.co\/wp-content\/uploads\/2024\/04\/CEDEI-Informe-de-Gestion-2023.pdf\" data-type=\"link\" data-id=\"https:\/\/cedei.com.co\/wp-content\/uploads\/2024\/04\/CEDEI-Informe-de-Gestion-2023.pdf\">Informe de Gesti\u00f3n 2023<\/a><\/p>\n\n\n\n<p>Certificado C\u00e1mara de Comercio 2024<\/p>\n\n\n\n<p><a href=\"https:\/\/cedei.com.co\/wp-content\/uploads\/2024\/04\/CEDEI-Informe-de-Gestion-2023-Equipo.pdf\" data-type=\"link\" data-id=\"https:\/\/cedei.com.co\/wp-content\/uploads\/2024\/04\/CEDEI-Informe-de-Gestion-2023-Equipo.pdf\">EQUIPO CEDEI 2023<\/a><\/p>\n\n\n\n<p><a href=\"https:\/\/cedei.com.co\/wp-content\/uploads\/2024\/04\/Antecedentes-CEDEI-y-su-Junta-Directiva.pdf\" data-type=\"link\" data-id=\"https:\/\/cedei.com.co\/wp-content\/uploads\/2024\/04\/Antecedentes-CEDEI-y-su-Junta-Directiva.pdf\">Antecedentes de CEDEI y su Junta Directiva<\/a><\/p>\n\n\n\n<p><a href=\"https:\/\/cedei.com.co\/wp-content\/uploads\/2024\/04\/ESTADOS-FINANCIEROS-CONSOLIDADOS-A-DICIEMBRE-30-2023-CEDEI-con-NOTAS.pdf\" data-type=\"link\" data-id=\"https:\/\/cedei.com.co\/wp-content\/uploads\/2024\/04\/ESTADOS-FINANCIEROS-CONSOLIDADOS-A-DICIEMBRE-30-2023-CEDEI-con-NOTAS.pdf\">Estados financieros con Notas a diciembre 2023 y 2022<\/a><\/p>\n","protected":false},"excerpt":{"rendered":"<p>Agradecemos a nuestros aliados la oportunidad de colaborar y construir. Tambi\u00e9n queremos compartir con nuestros participantes y facilitadores, una imagen de lo que hicimos juntos durante el a\u00f1o 2023 y preguntar a quienes leen \u00e9ste informe. Informe de Gesti\u00f3n 2023 Certificado C\u00e1mara de Comercio 2024 EQUIPO CEDEI 2023 Antecedentes de CEDEI y su Junta Directiva &hellip;<\/p>\n","protected":false},"author":1,"featured_media":0,"parent":351,"menu_order":0,"comment_status":"closed","ping_status":"closed","template":"","meta":{"_genesis_hide_title":false,"_genesis_hide_breadcrumbs":false,"_genesis_hide_singular_image":false,"_genesis_hide_footer_widgets":false,"_genesis_custom_body_class":"","_genesis_custom_post_class":"","_genesis_layout":"","ngg_post_thumbnail":0,"footnotes":""},"_links":{"self":[{"href":"https:\/\/cedei.com.co\/index.php?rest_route=\/wp\/v2\/pages\/3460"}],"collection":[{"href":"https:\/\/cedei.com.co\/index.php?rest_route=\/wp\/v2\/pages"}],"about":[{"href":"https:\/\/cedei.com.co\/index.php?rest_route=\/wp\/v2\/types\/page"}],"author":[{"embeddable":true,"href":"https:\/\/cedei.com.co\/index.php?rest_route=\/wp\/v2\/users\/1"}],"replies":[{"embeddable":true,"href":"https:\/\/cedei.com.co\/index.php?rest_route=%2Fwp%2Fv2%2Fcomments&post=3460"}],"version-history":[{"count":12,"href":"https:\/\/cedei.com.co\/index.php?rest_route=\/wp\/v2\/pages\/3460\/revisions"}],"predecessor-version":[{"id":3525,"href":"https:\/\/cedei.com.co\/index.php?rest_route=\/wp\/v2\/pages\/3460\/revisions\/3525"}],"up":[{"embeddable":true,"href":"https:\/\/cedei.com.co\/index.php?rest_route=\/wp\/v2\/pages\/351"}],"wp:attachment":[{"href":"https:\/\/cedei.com.co\/index.php?rest_route=%2Fwp%2Fv2%2Fmedia&parent=3460"}],"curies":[{"name":"wp","href":"https:\/\/api.w.org\/{rel}","templated":true}]}}