{"id":349,"date":"2019-03-31T14:28:07","date_gmt":"2019-03-31T14:28:07","guid":{"rendered":"https:\/\/cedei.com.co\/wp\/?page_id=349"},"modified":"2024-01-14T15:49:27","modified_gmt":"2024-01-14T15:49:27","slug":"politica-de-tratamiento","status":"publish","type":"page","link":"https:\/\/cedei.com.co\/?page_id=349","title":{"rendered":"Pol\u00edtica de tratamiento"},"content":{"rendered":"<h3>Pol\u00edtica de tratamiento de la informaci\u00f3n de la Corporaci\u00f3n CEDEI<\/h3>\n<p>El presente documento, describe la Pol\u00edtica de Tratamiento de la Informaci\u00f3n, incluyendo datos personales, registrado en todas las bases de datos de la Corporaci\u00f3n &nbsp;CEDEI.<\/p>\n<h3>Responsable del tratamiento de datos<\/h3>\n<article class=\"post\">\n<div class=\"entry-content\">\n<p>Corporaci\u00f3n Centro para el Desarrollo, la Educaci\u00f3n y la Investigaci\u00f3n, en adelante CEDEI; con personer\u00eda jur\u00eddica n\u00famero 09-2664-6-21 expedida el 19 de noviembre de 2009 y registrada como Entidad Sin \u00e1nimo de lucro (ESAL), en el registro de la C\u00e1mara de Comercio de Cartagena. Identificada con NIT 900327977-1; cuyos datos de contacto, para lo concerniente a la presente pol\u00edtica de tratamiento de la informaci\u00f3n son los siguientes:<\/p>\n<p>Direcci\u00f3n: Santa M\u00f3nica Carrera 78#30A-25, Cartagena de Indias \u2013 Colombia.<br \/>\nTel\u00e9fono: 6412789<br \/>\nCorreo electr\u00f3nico:&nbsp;<a href=\"mailto:comunicaciones@cedei.com.co\">comunicaciones@cedei.com.co<\/a><br \/>\nSitio web:&nbsp;<a href=\"https:\/\/www.cedei.com.co\/\">https:\/\/www.cedei.com.co<\/a><\/p>\n<h3>Objetivo de la presente pol\u00edtica.<\/h3>\n<p>La presente pol\u00edtica de pretende establecer los criterios para la recolecci\u00f3n, almacenamiento, uso, circulaci\u00f3n y supresi\u00f3n de los datos personales tratados por &nbsp;CEDEI.<\/p>\n<h3>Alcance<\/h3>\n<p>Esta pol\u00edtica aplica para toda la informaci\u00f3n personal registrada en las bases de datos de la organizaci\u00f3n. CEDEI act\u00faa en Calidad del responsable del tratamiento de la informaci\u00f3n.<\/p>\n<h3>Obligaciones<\/h3>\n<p>Esta pol\u00edtica de tratamiento de la informaci\u00f3n es de obligatorio y estricto cumplimiento para CEDEI<\/p>\n<h3>Tratamiento y finalidad<\/h3>\n<p>El tratamiento que realizar\u00e1 CEDEI, con la informaci\u00f3n personal ser\u00e1 el siguiente:<\/p>\n<p>\u2022 Efectuar las gestiones pertinentes para el desarrollo del objeto social de CEDEI, en lo que tiene que ver con el cumplimiento del objeto de cualquier acuerdo, convenio o contrato, celebrado con el &nbsp;Titular de la informaci\u00f3n.<br \/>\n\u2022 Realizar invitaciones a eventos y ofrecer nuevos productos y servicios.<br \/>\n\u2022 Gestionar tr\u00e1mites (solicitudes, quejas, reclamos).<br \/>\n\u2022 Efectuar encuestas de satisfacci\u00f3n respecto de los bienes y servicios ofrecidos por CEDEI.<br \/>\n\u2022 Contactar al Titular a trav\u00e9s de medios electr\u00f3nicos \u2013 SMS o chat para el env\u00edo de noticias relacionadas con el desarrollo de la misi\u00f3n de CEDEI.<br \/>\n\u2022 Contactar al Titular a trav\u00e9s de correo electr\u00f3nico para el env\u00edo de extractos, estados de cuenta o facturas en relaci\u00f3n con las obligaciones derivadas de compromisos adquiridos entre las partes.<br \/>\n\u2022 Dar cumplimiento a las obligaciones contra\u00eddas por CEDEI con el Titular de la Informaci\u00f3n.<\/p>\n<h3>Derechos de los titulares<\/h3>\n<p>Como titular de sus datos personales Usted tiene derecho a:<\/p>\n<p>\u2022 Acceder de forma gratuita a los datos proporcionados que hayan &nbsp;sido objeto de tratamiento.<br \/>\n\u2022 Conocer, actualizar y rectificar su informaci\u00f3n frente a datos parciales, inexactos, incompletos, fraccionados, que induzcan a error, o aquellos cuyo tratamiento est\u00e9 prohibido o no haya sido autorizado.<br \/>\n\u2022 Solicitar prueba de la autorizaci\u00f3n otorgada.<br \/>\n\u2022 Revocar la autorizaci\u00f3n y\/o solicitar la supresi\u00f3n del dato, siempre que no exista un deber legal o contractual que impida eliminarlos.<br \/>\n\u2022 Abstenerse de responder las preguntas sobre datos sensibles.<br \/>\n\u2022 Tendr\u00e1 car\u00e1cter facultativo las respuestas que versen sobre datos sensibles o sobre datos de las ni\u00f1as y ni\u00f1os y adolescentes.<\/p>\n<h3>Atenci\u00f3n de peticiones, consultas y reclamos<\/h3>\n<p>El \u00e1rea de COMUNICACIONES, es la dependencia que tiene a cargo dar tr\u00e1mite a las solicitudes de los titulares para hacer efectivos sus derechos; para dar cumplimiento a la presente pol\u00edtica de tratamiento de la informaci\u00f3n. Puede comunicarse mediante correo electr\u00f3nico a&nbsp;<a href=\"mailto:comunicaciones@cedei.com.co\">comunicaciones@cedei.com.co<\/a>&nbsp;o mediante correo f\u00edsico a Santa M\u00f3nica, carrera 78#30A-25, en Cartagena de Indias \u2013 Colombia.<\/p>\n<h3>Procedimiento Para El Ejercicio Del Derecho De Habeas Data<\/h3>\n<p>En cumplimiento de las normas sobre protecci\u00f3n de datos personales, CEDEI presenta el procedimiento y requisitos m\u00ednimos para el ejercicio de sus derechos.<br \/>\nPara la radicaci\u00f3n y atenci\u00f3n de su solicitud le solicitamos suministrar la siguiente informaci\u00f3n:<\/p>\n<p>\u2022 Nombre completo y apellidos<br \/>\n\u2022 Datos de contacto (Direcci\u00f3n f\u00edsica y\/o electr\u00f3nica y tel\u00e9fonos de contacto)<br \/>\n\u2022 Medios para recibir respuesta a su solicitud<br \/>\n\u2022 Motivo(s)\/hecho(s) que dan lugar al reclamo con una breve descripci\u00f3n del derecho que desea ejercer (conocer, actualizar, rectificar, solicitar prueba de la autorizaci\u00f3n otorgada, revocarla, suprimir, acceder a la informaci\u00f3n,etc.)<br \/>\n\u2022 Firma (si aplica) y n\u00famero de identificaci\u00f3n.<\/p>\n<p>El t\u00e9rmino m\u00e1ximo previsto por la ley para resolver su reclamaci\u00f3n es de quince (15) d\u00edas h\u00e1biles, contado a partir del d\u00eda siguiente a la fecha de su recibo. Cuando no fuere posible atender el reclamo dentro de dicho t\u00e9rmino, CEDEI informar\u00e1 al interesado los motivos de la demora y la fecha en que se atender\u00e1 su reclamo, la cual en &nbsp;ning\u00fan caso podr\u00e1 superar los ocho (8) d\u00edas h\u00e1biles siguientes al vencimiento del primer t\u00e9rmino.<\/p>\n<h3>Vigencia<\/h3>\n<p>La presente Pol\u00edtica para el Tratamiento de Datos Personales rige a partir del 1 de enero de 2019.<br \/>\nLos datos personales proporcionados se conservaran mientras no se solicite su supresi\u00f3n por el interesado y siempre que no exista un deber legal de conservarlos.<\/p>\n<\/div>\n<\/article>\n<h2>Information processing policy of the CEDEI Corporation<\/h2>\n<p>El presente documento, describe la Pol\u00edtica de Tratamiento de la Informaci\u00f3n, incluyendo datos personales, registrado en todas las bases de datos de la Corporaci\u00f3n &nbsp;CEDEI.<\/p>\n<h2><strong>Responsable del tratamiento de datos<\/strong><\/h2>\n<article class=\"post\">\n<div class=\"entry-content\">\n<p>Corporaci\u00f3n Centro para el Desarrollo, la Educaci\u00f3n y la Investigaci\u00f3n, en adelante CEDEI; con personer\u00eda jur\u00eddica n\u00famero 09-2664-6-21 expedida el 19 de noviembre de 2009 y registrada como Entidad Sin \u00e1nimo de lucro (ESAL), en el registro de la C\u00e1mara de Comercio de Cartagena. Identificada con NIT 900327977-1; cuyos datos de contacto, para lo concerniente a la presente pol\u00edtica de tratamiento de la informaci\u00f3n son los siguientes:<\/p>\n<p>Direcci\u00f3n: Santa M\u00f3nica Carrera 78#30A-25, Cartagena de Indias \u2013 Colombia.<\/p>\n<p>Tel\u00e9fono: 6412789<\/p>\n<p>Correo electr\u00f3nico:&nbsp;<a href=\"mailto:comunicaciones@cedei.com.co\">comunicaciones@cedei.com.co<\/a><\/p>\n<p>Sitio web:&nbsp;<a href=\"https:\/\/www.cedei.com.co\/\">https:\/\/www.cedei.com.co<\/a><\/p>\n<h2><strong>Objetivo de la presente pol\u00edtica.<\/strong><\/h2>\n<p>La presente pol\u00edtica de pretende establecer los criterios para la recolecci\u00f3n, almacenamiento, uso, circulaci\u00f3n y supresi\u00f3n de los datos personales tratados por &nbsp;CEDEI.<\/p>\n<h2><strong>Alcance<\/strong><\/h2>\n<p>Esta pol\u00edtica aplica para toda la informaci\u00f3n personal registrada en las bases de datos de la organizaci\u00f3n. CEDEI act\u00faa en Calidad del responsable del tratamiento de la informaci\u00f3n.<\/p>\n<h2>Obligaciones<\/h2>\n<p>Esta pol\u00edtica de tratamiento de la informaci\u00f3n es de obligatorio y estricto cumplimiento para CEDEI<\/p>\n<h2><strong>Tratamiento y finalidad<\/strong><\/h2>\n<p>El tratamiento que realizar\u00e1 CEDEI, con la informaci\u00f3n personal ser\u00e1 el siguiente:<\/p>\n<p>Efectuar las gestiones pertinentes para el desarrollo del objeto social de CEDEI, en lo que tiene que ver con el cumplimiento del objeto de cualquier acuerdo, convenio o contrato, celebrado con el Titular de la informaci\u00f3n.<\/p>\n<p>Realizar invitaciones a eventos y ofrecer nuevos productos y servicios.<\/p>\n<p>Gestionar tr\u00e1mites (solicitudes, quejas, reclamos).<\/p>\n<p>Efectuar encuestas de satisfacci\u00f3n respecto de los bienes y servicios ofrecidos por CEDEI.<\/p>\n<p>Contactar al Titular a trav\u00e9s de medios electr\u00f3nicos \u2013 SMS o chat para el env\u00edo de noticias relacionadas con el desarrollo de la misi\u00f3n de CEDEI.<\/p>\n<p>Contactar al Titular a trav\u00e9s de correo electr\u00f3nico para el env\u00edo de extractos, estados de cuenta o facturas en relaci\u00f3n con las obligaciones derivadas de compromisos adquiridos entre las partes.<\/p>\n<p>Dar cumplimiento a las obligaciones contra\u00eddas por CEDEI con el Titular de la Informaci\u00f3n.<\/p>\n<h2><strong>Derechos de los titulares<\/strong><\/h2>\n<p>Como titular de sus datos personales Usted tiene derecho a:<\/p>\n<p>Acceder de forma gratuita a los datos proporcionados que hayan &nbsp;sido objeto de tratamiento.<\/p>\n<p>Conocer, actualizar y rectificar su informaci\u00f3n frente a datos parciales, inexactos, incompletos, fraccionados, que induzcan a error, o aquellos cuyo tratamiento est\u00e9 prohibido o no haya sido autorizado.<\/p>\n<p>Solicitar prueba de la autorizaci\u00f3n otorgada.<\/p>\n<p>Revocar la autorizaci\u00f3n y\/o solicitar la supresi\u00f3n del dato, siempre que no exista un deber legal o contractual que impida eliminarlos.<\/p>\n<p>Abstenerse de responder las preguntas sobre datos sensibles.<\/p>\n<p>Tendr\u00e1 car\u00e1cter facultativo las respuestas que versen sobre datos sensibles o sobre datos de las ni\u00f1as y ni\u00f1os y adolescentes.<\/p>\n<h2>Atenci\u00f3n de peticiones, consultas y reclamos<\/h2>\n<p>El \u00e1rea de COMUNICACIONES, es la dependencia que tiene a cargo dar tr\u00e1mite a las solicitudes de los titulares para hacer efectivos sus derechos; para dar cumplimiento a la presente pol\u00edtica de tratamiento de la informaci\u00f3n. Puede comunicarse mediante correo electr\u00f3nico a&nbsp;<a href=\"mailto:comunicaciones@cedei.com.co\">comunicaciones@cedei.com.co<\/a>&nbsp;o mediante correo f\u00edsico a Santa M\u00f3nica, carrera 78#30A-25, en Cartagena de Indias \u2013 Colombia.<\/p>\n<h2><strong>Procedimiento Para El Ejercicio Del Derecho De Habeas Data<\/strong><\/h2>\n<p>En cumplimiento de las normas sobre protecci\u00f3n de datos personales, CEDEI presenta el procedimiento y requisitos m\u00ednimos para el ejercicio de sus derechos.<\/p>\n<p>Para la radicaci\u00f3n y atenci\u00f3n de su solicitud le solicitamos suministrar la siguiente informaci\u00f3n:<\/p>\n<p>Nombre completo y apellidos<\/p>\n<p>Datos de contacto (Direcci\u00f3n f\u00edsica y\/o electr\u00f3nica y tel\u00e9fonos de contacto)<\/p>\n<p>Medios para recibir respuesta a su solicitud<\/p>\n<p>Motivo(s)\/hecho(s) que dan lugar al reclamo con una breve descripci\u00f3n del derecho que desea ejercer (conocer, actualizar, rectificar, solicitar prueba de la autorizaci\u00f3n otorgada, revocarla, suprimir, acceder a la informaci\u00f3n,etc.)<\/p>\n<p>Firma (si aplica) y n\u00famero de identificaci\u00f3n.<\/p>\n<p>El t\u00e9rmino m\u00e1ximo previsto por la ley para resolver su reclamaci\u00f3n es de quince (15) d\u00edas h\u00e1biles, contado a partir del d\u00eda siguiente a la fecha de su recibo. Cuando no fuere posible atender el reclamo dentro de dicho t\u00e9rmino, CEDEI informar\u00e1 al interesado los motivos de la demora y la fecha en que se atender\u00e1 su reclamo, la cual en &nbsp;ning\u00fan caso podr\u00e1 superar los ocho (8) d\u00edas h\u00e1biles siguientes al vencimiento del primer t\u00e9rmino.<\/p>\n<h2><strong>Vigencia<\/strong><\/h2>\n<p>La presente Pol\u00edtica para el Tratamiento de Datos Personales rige a partir del 1 de enero de 2019.<\/p>\n<p>Los datos personales proporcionados se conservaran mientras no se solicite su supresi\u00f3n por el interesado y siempre que no exista un deber legal de conservarlos.<\/p>\n<\/div>\n<\/article>\n","protected":false},"excerpt":{"rendered":"<p>Pol\u00edtica de tratamiento de la informaci\u00f3n de la Corporaci\u00f3n CEDEI El presente documento, describe la Pol\u00edtica de Tratamiento de la Informaci\u00f3n, incluyendo datos personales, registrado en todas las bases de datos de la Corporaci\u00f3n &nbsp;CEDEI. Responsable del tratamiento de datos Corporaci\u00f3n Centro para el Desarrollo, la Educaci\u00f3n y la Investigaci\u00f3n, en adelante CEDEI; con personer\u00eda &hellip;<\/p>\n","protected":false},"author":1,"featured_media":0,"parent":340,"menu_order":0,"comment_status":"closed","ping_status":"closed","template":"","meta":{"_genesis_hide_title":false,"_genesis_hide_breadcrumbs":false,"_genesis_hide_singular_image":false,"_genesis_hide_footer_widgets":false,"_genesis_custom_body_class":"","_genesis_custom_post_class":"","_genesis_layout":"","ngg_post_thumbnail":0,"footnotes":""},"_links":{"self":[{"href":"https:\/\/cedei.com.co\/index.php?rest_route=\/wp\/v2\/pages\/349"}],"collection":[{"href":"https:\/\/cedei.com.co\/index.php?rest_route=\/wp\/v2\/pages"}],"about":[{"href":"https:\/\/cedei.com.co\/index.php?rest_route=\/wp\/v2\/types\/page"}],"author":[{"embeddable":true,"href":"https:\/\/cedei.com.co\/index.php?rest_route=\/wp\/v2\/users\/1"}],"replies":[{"embeddable":true,"href":"https:\/\/cedei.com.co\/index.php?rest_route=%2Fwp%2Fv2%2Fcomments&post=349"}],"version-history":[{"count":8,"href":"https:\/\/cedei.com.co\/index.php?rest_route=\/wp\/v2\/pages\/349\/revisions"}],"predecessor-version":[{"id":3222,"href":"https:\/\/cedei.com.co\/index.php?rest_route=\/wp\/v2\/pages\/349\/revisions\/3222"}],"up":[{"embeddable":true,"href":"https:\/\/cedei.com.co\/index.php?rest_route=\/wp\/v2\/pages\/340"}],"wp:attachment":[{"href":"https:\/\/cedei.com.co\/index.php?rest_route=%2Fwp%2Fv2%2Fmedia&parent=349"}],"curies":[{"name":"wp","href":"https:\/\/api.w.org\/{rel}","templated":true}]}}