{"id":351,"date":"2019-03-31T14:28:21","date_gmt":"2019-03-31T14:28:21","guid":{"rendered":"https:\/\/cedei.com.co\/wp\/?page_id=351"},"modified":"2025-04-20T08:04:30","modified_gmt":"2025-04-20T08:04:30","slug":"informes-de-gestion","status":"publish","type":"page","link":"https:\/\/cedei.com.co\/?page_id=351","title":{"rendered":"Informes de gesti\u00f3n"},"content":{"rendered":"<p>La Corporaci\u00f3n CEDEI, propone a visitantes, aliados, socios y participantes, este espacio para compartir de manera p\u00fablica nuestra gesti\u00f3n. Y rendir cuentas a quienes hacen parte de nuestra organizaci\u00f3n, miembros de nuestra asamblea, colaboradores y directivos.1<\/p>\n<p>La Corporaci\u00f3n CEDEI, propone a visitantes, aliados, socios y participantes, este espacio para compartir de manera p\u00fablica nuestra gesti\u00f3n. Y rendir cuentas a quienes hacen parte de nuestra organizaci\u00f3n, miembros de nuestra asamblea, colaboradores y directivos.1<\/p>\n<p>&nbsp;<\/p>\n<p><img decoding=\"async\" class=\"alignleft\" style=\"width: 124px; height: auto;\" src=\"https:\/\/cedei.com.co\/wp-content\/uploads\/2025\/04\/informe-de-gestion-2024-1024x1017.png\" alt=\"\"><\/p>\n<p>&nbsp;<\/p>\n<p><a href=\"https:\/\/cedei.com.co\/?page_id=3699\">Informe de Gesti\u00f3n 2024<\/a><\/p>\n<p>&nbsp;<\/p>\n<p>&nbsp;<\/p>\n<p><img loading=\"lazy\" decoding=\"async\" class=\"alignleft wp-image-3447\" src=\"https:\/\/cedei.com.co\/wp-content\/uploads\/2024\/04\/Informe-2023.jpg\" alt=\"\" width=\"120\" height=\"120\"><\/p>\n<p>&nbsp;<\/p>\n<p><a href=\"https:\/\/cedei.com.co\/?page_id=3460\">Informe de Gesti\u00f3n 2023<\/a><\/p>\n<p>&nbsp;<\/p>\n<p>&nbsp;<\/p>\n<p><img loading=\"lazy\" decoding=\"async\" class=\"wp-image-2837 size-full alignleft\" src=\"https:\/\/cedei.com.co\/wp-content\/uploads\/2023\/03\/copertina-informe-2022.jpg\" alt=\"\" width=\"120\" height=\"120\" srcset=\"https:\/\/cedei.com.co\/wp-content\/uploads\/2023\/03\/copertina-informe-2022.jpg 120w, https:\/\/cedei.com.co\/wp-content\/uploads\/2023\/03\/copertina-informe-2022-80x80.jpg 80w\" sizes=\"(max-width: 120px) 100vw, 120px\" \/><\/p>\n<p>&nbsp;<\/p>\n<p><a href=\"https:\/\/cedei.com.co\/?page_id=2834\">Informe de Gesti\u00f3n 2022<\/a><\/p>\n<p>&nbsp;<\/p>\n<p>&nbsp;<\/p>\n<p><img loading=\"lazy\" decoding=\"async\" class=\"wp-image-2179 alignleft\" src=\"https:\/\/cedei.com.co\/wp-content\/uploads\/2022\/04\/Informe-de-Gestion-2021_PRO-scaled.jpg\" alt=\"Informe de gesti\u00f3n 2020\" width=\"116\" height=\"164\"><\/p>\n<p>&nbsp;<\/p>\n<p><a href=\"https:\/\/cedei.com.co\/?page_id=2349\">Informe de Gesti\u00f3n 2021<\/a><\/p>\n<p>&nbsp;<\/p>\n<p>&nbsp;<\/p>\n<p><img loading=\"lazy\" decoding=\"async\" class=\"wp-image-2179 alignleft\" src=\"https:\/\/cedei.com.co\/wp-content\/uploads\/2021\/03\/Informe-de-Gestion-2020-Portada.jpg\" alt=\"Informe de gesti\u00f3n 2020\" width=\"116\" height=\"164\"><\/p>\n<p>&nbsp;<\/p>\n<p><a href=\"https:\/\/cedei.com.co\/?page_id=2176\">Informe de Gesti\u00f3n 2020<\/a><\/p>\n<p>&nbsp;<\/p>\n<p>&nbsp;<\/p>\n<p>&nbsp;<\/p>\n<p><img loading=\"lazy\" decoding=\"async\" class=\"wp-image-2181 alignleft\" src=\"https:\/\/cedei.com.co\/wp-content\/uploads\/2021\/03\/Informe-de-Gestion-2019-Portada.jpg\" alt=\"Informe de gesti\u00f3n 2019\" width=\"125\" height=\"177\"><\/p>\n<p>&nbsp;<\/p>\n<p>&nbsp;<\/p>\n<p><a href=\"https:\/\/cedei.com.co\/?page_id=1985\">Informe de Gesti\u00f3n 2019<\/a><\/p>\n<p>&nbsp;<\/p>\n<p>&nbsp;<\/p>\n<p>&nbsp;<\/p>\n<p><img loading=\"lazy\" decoding=\"async\" class=\"wp-image-2195 alignleft\" src=\"https:\/\/cedei.com.co\/wp-content\/uploads\/2021\/03\/Portado-Informe-de-Gesttion-2018.jpg\" alt=\"Portada informe de gesti\u00f3n 2018\" width=\"123\" height=\"174\"><\/p>\n<p>&nbsp;<\/p>\n<p><a href=\"https:\/\/cedei.com.co\/?page_id=559\">Informe de Gesti\u00f3n 2018<\/a><\/p>\n<p>&nbsp;<\/p>\n<p>&nbsp;<\/p>\n<p>&nbsp;<\/p>\n<p><img loading=\"lazy\" decoding=\"async\" class=\"wp-image-2196 alignleft\" src=\"https:\/\/cedei.com.co\/wp-content\/uploads\/2021\/03\/Portado-Informe-de-Gesttion-2017.jpg\" alt=\"Portada informe de gesti\u00f3n 2017\" width=\"135\" height=\"183\"><\/p>\n<p><a href=\"https:\/\/cedei.com.co\/?page_id=553\">Informe de Gesti\u00f3n 2017<\/a><\/p>\n<p>&nbsp;<\/p>\n<p><img loading=\"lazy\" decoding=\"async\" class=\"alignleft wp-image-3447\" src=\"https:\/\/cedei.com.co\/wp-content\/uploads\/2024\/04\/Informe-2023.jpg\" alt=\"\" width=\"120\" height=\"120\"><\/p>\n<p>&nbsp;<\/p>\n<p><a href=\"https:\/\/cedei.com.co\/?page_id=3460\">Informe de Gesti\u00f3n 2023<\/a><\/p>\n<p>&nbsp;<\/p>\n<p>&nbsp;<\/p>\n<p><img loading=\"lazy\" decoding=\"async\" class=\"wp-image-2837 size-full alignleft\" src=\"https:\/\/cedei.com.co\/wp-content\/uploads\/2023\/03\/copertina-informe-2022.jpg\" alt=\"\" width=\"120\" height=\"120\" srcset=\"https:\/\/cedei.com.co\/wp-content\/uploads\/2023\/03\/copertina-informe-2022.jpg 120w, https:\/\/cedei.com.co\/wp-content\/uploads\/2023\/03\/copertina-informe-2022-80x80.jpg 80w\" sizes=\"(max-width: 120px) 100vw, 120px\" \/><\/p>\n<p>&nbsp;<\/p>\n<p><a href=\"https:\/\/cedei.com.co\/?page_id=2834\">Informe de Gesti\u00f3n 2022<\/a><\/p>\n<p>&nbsp;<\/p>\n<p>&nbsp;<\/p>\n<p><img loading=\"lazy\" decoding=\"async\" class=\"wp-image-2179 alignleft\" src=\"https:\/\/cedei.com.co\/wp-content\/uploads\/2022\/04\/Informe-de-Gestion-2021_PRO-scaled.jpg\" alt=\"Informe de gesti\u00f3n 2020\" width=\"116\" height=\"164\"><\/p>\n<p>&nbsp;<\/p>\n<p><a href=\"https:\/\/cedei.com.co\/?page_id=2349\">Informe de Gesti\u00f3n 2021<\/a><\/p>\n<p>&nbsp;<\/p>\n<p>&nbsp;<\/p>\n<p><img loading=\"lazy\" decoding=\"async\" class=\"wp-image-2179 alignleft\" src=\"https:\/\/cedei.com.co\/wp-content\/uploads\/2021\/03\/Informe-de-Gestion-2020-Portada.jpg\" alt=\"Informe de gesti\u00f3n 2020\" width=\"116\" height=\"164\"><\/p>\n<p>&nbsp;<\/p>\n<p><a href=\"https:\/\/cedei.com.co\/?page_id=2176\">Informe de Gesti\u00f3n 2020<\/a><\/p>\n<p>&nbsp;<\/p>\n<p>&nbsp;<\/p>\n<p>&nbsp;<\/p>\n<p><img loading=\"lazy\" decoding=\"async\" class=\"wp-image-2181 alignleft\" src=\"https:\/\/cedei.com.co\/wp-content\/uploads\/2021\/03\/Informe-de-Gestion-2019-Portada.jpg\" alt=\"Informe de gesti\u00f3n 2019\" width=\"125\" height=\"177\"><\/p>\n<p>&nbsp;<\/p>\n<p>&nbsp;<\/p>\n<p><a href=\"https:\/\/cedei.com.co\/?page_id=1985\">Informe de Gesti\u00f3n 2019<\/a><\/p>\n<p>&nbsp;<\/p>\n<p>&nbsp;<\/p>\n<p>&nbsp;<\/p>\n<p><img loading=\"lazy\" decoding=\"async\" class=\"wp-image-2195 alignleft\" src=\"https:\/\/cedei.com.co\/wp-content\/uploads\/2021\/03\/Portado-Informe-de-Gesttion-2018.jpg\" alt=\"Portada informe de gesti\u00f3n 2018\" width=\"123\" height=\"174\"><\/p>\n<p>&nbsp;<\/p>\n<p><a href=\"https:\/\/cedei.com.co\/?page_id=559\">Informe de Gesti\u00f3n 2018<\/a><\/p>\n<p>&nbsp;<\/p>\n<p>&nbsp;<\/p>\n<p>&nbsp;<\/p>\n<p><img loading=\"lazy\" decoding=\"async\" class=\"wp-image-2196 alignleft\" src=\"https:\/\/cedei.com.co\/wp-content\/uploads\/2021\/03\/Portado-Informe-de-Gesttion-2017.jpg\" alt=\"Portada informe de gesti\u00f3n 2017\" width=\"135\" height=\"183\"><\/p>\n<p><a href=\"https:\/\/cedei.com.co\/?page_id=553\">Informe de Gesti\u00f3n 2017<\/a><\/p>\n","protected":false},"excerpt":{"rendered":"<p>La Corporaci\u00f3n CEDEI, propone a visitantes, aliados, socios y participantes, este espacio para compartir de manera p\u00fablica nuestra gesti\u00f3n. Y rendir cuentas a quienes hacen parte de nuestra organizaci\u00f3n, miembros de nuestra asamblea, colaboradores y directivos.1 La Corporaci\u00f3n CEDEI, propone a visitantes, aliados, socios y participantes, este espacio para compartir de manera p\u00fablica nuestra gesti\u00f3n. &hellip;<\/p>\n","protected":false},"author":1,"featured_media":0,"parent":340,"menu_order":0,"comment_status":"closed","ping_status":"closed","template":"","meta":{"_genesis_hide_title":false,"_genesis_hide_breadcrumbs":false,"_genesis_hide_singular_image":false,"_genesis_hide_footer_widgets":false,"_genesis_custom_body_class":"","_genesis_custom_post_class":"","_genesis_layout":"","ngg_post_thumbnail":0,"footnotes":""},"_links":{"self":[{"href":"https:\/\/cedei.com.co\/index.php?rest_route=\/wp\/v2\/pages\/351"}],"collection":[{"href":"https:\/\/cedei.com.co\/index.php?rest_route=\/wp\/v2\/pages"}],"about":[{"href":"https:\/\/cedei.com.co\/index.php?rest_route=\/wp\/v2\/types\/page"}],"author":[{"embeddable":true,"href":"https:\/\/cedei.com.co\/index.php?rest_route=\/wp\/v2\/users\/1"}],"replies":[{"embeddable":true,"href":"https:\/\/cedei.com.co\/index.php?rest_route=%2Fwp%2Fv2%2Fcomments&post=351"}],"version-history":[{"count":42,"href":"https:\/\/cedei.com.co\/index.php?rest_route=\/wp\/v2\/pages\/351\/revisions"}],"predecessor-version":[{"id":3716,"href":"https:\/\/cedei.com.co\/index.php?rest_route=\/wp\/v2\/pages\/351\/revisions\/3716"}],"up":[{"embeddable":true,"href":"https:\/\/cedei.com.co\/index.php?rest_route=\/wp\/v2\/pages\/340"}],"wp:attachment":[{"href":"https:\/\/cedei.com.co\/index.php?rest_route=%2Fwp%2Fv2%2Fmedia&parent=351"}],"curies":[{"name":"wp","href":"https:\/\/api.w.org\/{rel}","templated":true}]}}