{"id":3635,"date":"2025-02-21T14:26:52","date_gmt":"2025-02-21T14:26:52","guid":{"rendered":"https:\/\/cedei.com.co\/?page_id=3635"},"modified":"2025-02-21T14:29:31","modified_gmt":"2025-02-21T14:29:31","slug":"que-es-una-ruta-academica","status":"publish","type":"page","link":"https:\/\/cedei.com.co\/?page_id=3635","title":{"rendered":"Qu\u00e9 es una Ruta Acad\u00e9mica"},"content":{"rendered":"\n<p>Nuestras Rutas Acad\u00e9micas, son <strong>experiencias de formaci\u00f3n<\/strong> dise\u00f1adas por CEDEI, para fortalecer las capacidades de los participantes. Realizadas en el \u00e1mbito nacional e internacional, las rutas se implementan como una <strong>estrategia investigativa y experiencial<\/strong>. Los participantes tiene la posibilidad de viajar a una o mas ciudades del pa\u00eds y a otros pa\u00edses, para una experiencia de inmersi\u00f3n y aprendizaje. <strong>Las rutas acad\u00e9micas hacen parte de ERMES<\/strong>, una estrategia de aprendizaje e inmersi\u00f3n cultural, que contempla un proceso de investigaci\u00f3n que se inicia antes de la ruta y culmina con el procesamiento de la informaci\u00f3n recolectada. La recolecci\u00f3n de informac\u00f3n se lleva a cabo al interior de centros especializados, instituciones u organizaciones. El resultado es la <strong>ampliaci\u00f3n de los conocimientos y herramientas<\/strong> con los que cuentan los profesionales para concebir, gestionar y abordar los diferentes procesos en el \u00e1rea de la ruta. Los facilitadores ofrecen referentes conceptuales, metodolog\u00edas y dise\u00f1o de entornos de desarrollo etc. Se promueve tambi\u00e9n, un entendimiento multicultural, que favorece la apertura del profesional, desde la visi\u00f3n de otros contextos.<\/p>\n\n\n\n<h4 class=\"wp-block-heading\">Objetivos<\/h4>\n\n\n\n<p>Promover procesos de formaci\u00f3n, contextualizaci\u00f3n e investigaci\u00f3n desde la profundizaci\u00f3n te\u00f3rica, metodol\u00f3gica y pr\u00e1ctica, en di\u00e1logo con las realidades de diferentes contextos nacionales e internacionales, para estudiantes y docentes del programa acad\u00e9mico.<\/p>\n\n\n\n<p><strong>Objetivos espec\u00edficos:<\/strong><\/p>\n\n\n\n<ol>\n<li>Desarrollar estancias acad\u00e9micas de investigaci\u00f3n en campo para la generaci\u00f3n de aprendizajes, nuevos conocimientos y productos de investigaci\u00f3n con los participantes.<\/li>\n\n\n\n<li>Formar L\u00edderes en propuestas educativas emergentes dentro de las Universidades participantes para el fomento y sostenimiento del proyecto a trav\u00e9s de la creaci\u00f3n de un laboratorio de innovaci\u00f3n educativa: Atelier, que permita la resignificaci\u00f3n de los saberes y pr\u00e1cticas pedag\u00f3gicas para la primera infancia.<\/li>\n\n\n\n<li>Implementar ejercicios problematizadores para el dise\u00f1o de propuestas de investigaci\u00f3n colectivas e individuales.<\/li>\n\n\n\n<li>Generar espacios para la divulgaci\u00f3n y apropiaci\u00f3n social del conocimiento a partir de la exploraci\u00f3n, reflexi\u00f3n y an\u00e1lisis realizado en los diferentes contextos visitados dentro de las rutas acad\u00e9micas.<\/li>\n<\/ol>\n\n\n\n<p>Para la ejecuci\u00f3n de este <strong>Programa<\/strong> se requiere la vinculaci\u00f3n activa de cuatro actores sociales:<br>1. <strong>Participantes<\/strong> que hacen parte de los grupos de trabajo (estudiantes y docentes);<br>2. <strong>Facilitadores<\/strong> que gu\u00edan el proceso;<br>3. <strong>Instituciones<\/strong> y <strong>organizaciones<\/strong> en cuyos contextos se realizan las rutas acad\u00e9micas;<br>4. <strong>Personas responsables<\/strong> del trabajo cotidiano en los contextos focalizados. Lo cual constituye un desaf\u00edo para logar la empat\u00eda al abordar los diferentes contextos sociales, culturales, acad\u00e9micos, regionales, ente otros.<\/p>\n\n\n\n<p><strong>Dentro de las oportunidades de crecimiento, se encuentran<\/strong>:<\/p>\n\n\n\n<p>El desarrollo de estancias acad\u00e9micas investigativas permitir\u00e1 reconocer contextos glocales de inter\u00e9s regional, nacional e internacional, as\u00ed como el establecimiento de alianzas para la realizaci\u00f3n de dichas estancias, salidas de campo o rutas acad\u00e9micas investigativas, como el aprendizaje en cuanto a la b\u00fasqueda y recolecci\u00f3n de informaci\u00f3n primaria y secundaria en los contextos focalizados.<\/p>\n\n\n\n<h4 class=\"wp-block-heading\">Resultados esperados:<\/h4>\n\n\n\n<p>Como resultados esperados dentro del proyecto se espera:<br>\u2022 <strong>El fortalecimiento de las competencias investigativas<\/strong> en los estudiantes y maestros investigadores que har\u00e1n parte de la experiencia de movilidad, logrado generar participaci\u00f3n activa.<br>\u2022 <strong>Fortalecimiento de las capacidades individuales de los participantes<\/strong>, para la investigaci\u00f3n y la innovaci\u00f3n.<br>\u2022 <strong>Fortalecimiento de las capacidades colectivas de las instituciones para la internacionalizaci\u00f3n<\/strong> de sus curr\u00edculos desde el enfoque de investigaci\u00f3n e innovaci\u00f3n.<br>\u2022 <strong>Fortalecimiento de las capacidades colectivas de las instituciones participantes<\/strong>, para el trabajo colaborativo y la aplicaci\u00f3n de did\u00e1cticas emergentes.<br>\u2022 <strong>La capacidad de formar<\/strong> en metodolog\u00edas innovadoras.<br>\u2022 <strong>La transferencia de saberes y conocimientos<\/strong> dentro del territorio colombiano como resultado de la experiencias que propende a la apropiaci\u00f3n social de conocimiento, su circulaci\u00f3n y comunicaci\u00f3n y por \u00faltimo la divulgaci\u00f3n e intercambio de estas apuestas de transformaci\u00f3n social, cultural y educativa.<br>\u2022 <strong>La producci\u00f3n de piezas<\/strong> comunicables desde los resultados de la experiencia, al igual que la publicaci\u00f3n de un articulo y libro que recopile las experiencias de cada IES dentro del programa.<\/p>\n\n\n\n<h4 class=\"wp-block-heading\">Qui\u00e9nes pueden participar<\/h4>\n\n\n\n<p>Las Rutas acad\u00e9micas propuesta por la Corporaci\u00f3n CEDEI&nbsp; contempla la participaci\u00f3n de estudiantes y&nbsp; profesionales, interesados principalmente en las siguientes \u00e1reas de aprendizaje:<\/p>\n\n\n\n<ul>\n<li>Educaci\u00f3n y&nbsp;Desarrollo humano<\/li>\n\n\n\n<li>Intervenci\u00f3n social<\/li>\n\n\n\n<li>Atenci\u00f3n e Inclusi\u00f3n<\/li>\n\n\n\n<li>Administraci\u00f3n y gesti\u00f3n tur\u00edstica<\/li>\n\n\n\n<li>Gesti\u00f3n cultural<\/li>\n\n\n\n<li>Arquitectura, construcci\u00f3n e infraestructura<\/li>\n\n\n\n<li>Dise\u00f1o<\/li>\n\n\n\n<li>Idiomas<\/li>\n\n\n\n<li>Salud<\/li>\n<\/ul>\n\n\n\n<h4 class=\"wp-block-heading\" id=\"mce_2\">C\u00f3mo puedo participar<\/h4>\n\n\n\n<p>Para participar, simplemente escriba a este correo electr\u00f3nico: info@cedei.com.co y nos estaremos comunicando inmediatamente con usted para informarle todos los detalles del viaje.<\/p>\n","protected":false},"excerpt":{"rendered":"<p>Nuestras Rutas Acad\u00e9micas, son experiencias de formaci\u00f3n dise\u00f1adas por CEDEI, para fortalecer las capacidades de los participantes. Realizadas en el \u00e1mbito nacional e internacional, las rutas se implementan como una estrategia investigativa y experiencial. Los participantes tiene la posibilidad de viajar a una o mas ciudades del pa\u00eds y a otros pa\u00edses, para una experiencia &hellip;<\/p>\n","protected":false},"author":1,"featured_media":0,"parent":411,"menu_order":0,"comment_status":"closed","ping_status":"closed","template":"","meta":{"_genesis_hide_title":false,"_genesis_hide_breadcrumbs":false,"_genesis_hide_singular_image":false,"_genesis_hide_footer_widgets":false,"_genesis_custom_body_class":"","_genesis_custom_post_class":"","_genesis_layout":"","ngg_post_thumbnail":0,"footnotes":""},"_links":{"self":[{"href":"https:\/\/cedei.com.co\/index.php?rest_route=\/wp\/v2\/pages\/3635"}],"collection":[{"href":"https:\/\/cedei.com.co\/index.php?rest_route=\/wp\/v2\/pages"}],"about":[{"href":"https:\/\/cedei.com.co\/index.php?rest_route=\/wp\/v2\/types\/page"}],"author":[{"embeddable":true,"href":"https:\/\/cedei.com.co\/index.php?rest_route=\/wp\/v2\/users\/1"}],"replies":[{"embeddable":true,"href":"https:\/\/cedei.com.co\/index.php?rest_route=%2Fwp%2Fv2%2Fcomments&post=3635"}],"version-history":[{"count":2,"href":"https:\/\/cedei.com.co\/index.php?rest_route=\/wp\/v2\/pages\/3635\/revisions"}],"predecessor-version":[{"id":3640,"href":"https:\/\/cedei.com.co\/index.php?rest_route=\/wp\/v2\/pages\/3635\/revisions\/3640"}],"up":[{"embeddable":true,"href":"https:\/\/cedei.com.co\/index.php?rest_route=\/wp\/v2\/pages\/411"}],"wp:attachment":[{"href":"https:\/\/cedei.com.co\/index.php?rest_route=%2Fwp%2Fv2%2Fmedia&parent=3635"}],"curies":[{"name":"wp","href":"https:\/\/api.w.org\/{rel}","templated":true}]}}