{"id":3699,"date":"2025-04-20T07:42:09","date_gmt":"2025-04-20T07:42:09","guid":{"rendered":"https:\/\/cedei.com.co\/?page_id=3699"},"modified":"2025-04-20T08:06:01","modified_gmt":"2025-04-20T08:06:01","slug":"informe-de-gestion-2024","status":"publish","type":"page","link":"https:\/\/cedei.com.co\/?page_id=3699","title":{"rendered":"Informe de Gesti\u00f3n 2024"},"content":{"rendered":"\n<p>Agradecemos a nuestros aliados la oportunidad de colaborar y construir. Tambi\u00e9n queremos compartir con nuestros participantes y facilitadores, una imagen de lo que hicimos juntos durante el a\u00f1o 2024 y preguntar a quienes leen \u00e9ste informe.<\/p>\n\n\n\n<figure class=\"wp-block-image size-large is-resized\"><img loading=\"lazy\" decoding=\"async\" width=\"1024\" height=\"1017\" src=\"https:\/\/cedei.com.co\/wp-content\/uploads\/2025\/04\/informe-de-gestion-2024-1024x1017.png\" alt=\"\" class=\"wp-image-3700\" style=\"width:124px;height:auto\" srcset=\"https:\/\/cedei.com.co\/wp-content\/uploads\/2025\/04\/informe-de-gestion-2024-1024x1017.png 1024w, https:\/\/cedei.com.co\/wp-content\/uploads\/2025\/04\/informe-de-gestion-2024-300x298.png 300w, https:\/\/cedei.com.co\/wp-content\/uploads\/2025\/04\/informe-de-gestion-2024-150x150.png 150w, https:\/\/cedei.com.co\/wp-content\/uploads\/2025\/04\/informe-de-gestion-2024-768x762.png 768w, https:\/\/cedei.com.co\/wp-content\/uploads\/2025\/04\/informe-de-gestion-2024-80x80.png 80w\" sizes=\"(max-width: 1024px) 100vw, 1024px\" \/><\/figure>\n\n\n\n<p><a href=\"https:\/\/cedei.com.co\/wp-content\/uploads\/2025\/04\/Informe-CEDEI-2024-COMPLETO.pdf\" data-type=\"link\" data-id=\"https:\/\/cedei.com.co\/wp-content\/uploads\/2025\/04\/Informe-CEDEI-2024-COMPLETO.pdf\">Informe de Gesti\u00f3n 2024<\/a><\/p>\n\n\n\n<p>Certificado C\u00e1mara de Comercio 2025<\/p>\n\n\n\n<p><a href=\"https:\/\/cedei.com.co\/wp-content\/uploads\/2025\/04\/Equipo-CEDEI-2024.pdf\" data-type=\"link\" data-id=\"https:\/\/cedei.com.co\/wp-content\/uploads\/2025\/04\/Equipo-CEDEI-2024.pdf\">EQUIPO CEDEI 2024<\/a><\/p>\n\n\n\n<p><a href=\"https:\/\/cedei.com.co\/wp-content\/uploads\/2025\/04\/Antecedentes-CEDEI-y-su-Junta-Directiva-2024.pdf\" data-type=\"link\" data-id=\"https:\/\/cedei.com.co\/wp-content\/uploads\/2025\/04\/Antecedentes-CEDEI-y-su-Junta-Directiva-2024.pdf\">Antecedentes de CEDEI y su Junta Directiva<\/a><\/p>\n\n\n\n<p><a href=\"https:\/\/cedei.com.co\/wp-content\/uploads\/2025\/04\/Estados-financieros-con-notas-2024.pdf\" data-type=\"link\" data-id=\"https:\/\/cedei.com.co\/wp-content\/uploads\/2025\/04\/Estados-financieros-con-notas-2024.pdf\">Estados financieros con Notas a diciembre 2024 y 2023<\/a><\/p>\n","protected":false},"excerpt":{"rendered":"<p>Agradecemos a nuestros aliados la oportunidad de colaborar y construir. Tambi\u00e9n queremos compartir con nuestros participantes y facilitadores, una imagen de lo que hicimos juntos durante el a\u00f1o 2024 y preguntar a quienes leen \u00e9ste informe. Informe de Gesti\u00f3n 2024 Certificado C\u00e1mara de Comercio 2025 EQUIPO CEDEI 2024 Antecedentes de CEDEI y su Junta Directiva &hellip;<\/p>\n","protected":false},"author":1,"featured_media":0,"parent":351,"menu_order":0,"comment_status":"closed","ping_status":"closed","template":"","meta":{"_genesis_hide_title":false,"_genesis_hide_breadcrumbs":false,"_genesis_hide_singular_image":false,"_genesis_hide_footer_widgets":false,"_genesis_custom_body_class":"","_genesis_custom_post_class":"","_genesis_layout":"","ngg_post_thumbnail":0,"footnotes":""},"_links":{"self":[{"href":"https:\/\/cedei.com.co\/index.php?rest_route=\/wp\/v2\/pages\/3699"}],"collection":[{"href":"https:\/\/cedei.com.co\/index.php?rest_route=\/wp\/v2\/pages"}],"about":[{"href":"https:\/\/cedei.com.co\/index.php?rest_route=\/wp\/v2\/types\/page"}],"author":[{"embeddable":true,"href":"https:\/\/cedei.com.co\/index.php?rest_route=\/wp\/v2\/users\/1"}],"replies":[{"embeddable":true,"href":"https:\/\/cedei.com.co\/index.php?rest_route=%2Fwp%2Fv2%2Fcomments&post=3699"}],"version-history":[{"count":4,"href":"https:\/\/cedei.com.co\/index.php?rest_route=\/wp\/v2\/pages\/3699\/revisions"}],"predecessor-version":[{"id":3718,"href":"https:\/\/cedei.com.co\/index.php?rest_route=\/wp\/v2\/pages\/3699\/revisions\/3718"}],"up":[{"embeddable":true,"href":"https:\/\/cedei.com.co\/index.php?rest_route=\/wp\/v2\/pages\/351"}],"wp:attachment":[{"href":"https:\/\/cedei.com.co\/index.php?rest_route=%2Fwp%2Fv2%2Fmedia&parent=3699"}],"curies":[{"name":"wp","href":"https:\/\/api.w.org\/{rel}","templated":true}]}}