{"id":559,"date":"2019-04-01T17:04:27","date_gmt":"2019-04-01T17:04:27","guid":{"rendered":"https:\/\/cedei.com.co\/wp\/?page_id=559"},"modified":"2025-08-27T14:47:14","modified_gmt":"2025-08-27T14:47:14","slug":"informe-de-gestion-2018","status":"publish","type":"page","link":"https:\/\/cedei.com.co\/?page_id=559","title":{"rendered":"Informe de Gesti\u00f3n 2018"},"content":{"rendered":"<div class=\"col-md-8\">\n<div class=\"page-content\"><a href=\"https:\/\/cedei.com.co\/wp-content\/uploads\/2019\/05\/Informe-de-Gestio\u0301n-2018_optimize.pdf\" target=\"_blank\" rel=\"noopener noreferrer\">Informe de Gesti\u00f3n 2018_optimize<\/a><br \/>\n<a href=\"https:\/\/cedei.com.co\/wp-content\/uploads\/2019\/05\/camara-de-comercio.pdf\" target=\"_blank\" rel=\"noopener noreferrer\">C\u00e1mara de comercio<\/a><br \/>\n<a href=\"https:\/\/cedei.com.co\/wp-content\/uploads\/2019\/05\/Acta-de-Constitucio\u0301n-CEDEI.pdf\" target=\"_blank\" rel=\"noopener noreferrer\">Acta de Constituci\u00f3n CEDEI<\/a><br \/>\n<a href=\"https:\/\/cedei.com.co\/wp-content\/uploads\/2019\/05\/Estatutos-oficiales-ccc.pdf\" target=\"_blank\" rel=\"noopener noreferrer\">Estatutos-oficiales-ccc<\/a><br \/>\n<a href=\"https:\/\/cedei.com.co\/wp-content\/uploads\/2019\/05\/Certificado-de-antecedentes-de-la-corporacio\u0301n-y-los-asociados.pdf\" target=\"_blank\" rel=\"noopener noreferrer\">Certificado de antecedentes de la corporaci\u00f3n y los asociados<\/a><br \/>\n<a href=\"https:\/\/cedei.com.co\/wp-content\/uploads\/2019\/05\/Composicio\u0301n-Equipo.pdf\" target=\"_blank\" rel=\"noopener noreferrer\">Composici\u00f3n Equipo<\/a><br \/>\n<a href=\"https:\/\/cedei.com.co\/wp-content\/uploads\/2019\/05\/Acta-011-Asamblea-Informe-de-Gestio\u0301n.pdf\" target=\"_blank\" rel=\"noopener noreferrer\">Acta 011 Asamblea Informe de Gesti\u00f3n<\/a><br \/>\n<a href=\"https:\/\/cedei.com.co\/wp-content\/uploads\/2019\/05\/Acta-012-Solicitud-de-permanencia-re\u0301gimen-especial.pdf\" target=\"_blank\" rel=\"noopener noreferrer\">Acta 012 Solicitud de permanencia r\u00e9gimen especial<\/a><\/div>\n<\/div>\n","protected":false},"excerpt":{"rendered":"<p>Informe de Gesti\u00f3n 2018_optimize C\u00e1mara de comercio Acta de Constituci\u00f3n CEDEI Estatutos-oficiales-ccc Certificado de antecedentes de la corporaci\u00f3n y los asociados Composici\u00f3n Equipo Acta 011 Asamblea Informe de Gesti\u00f3n Acta 012 Solicitud de permanencia r\u00e9gimen especial<\/p>\n","protected":false},"author":1,"featured_media":0,"parent":351,"menu_order":0,"comment_status":"closed","ping_status":"closed","template":"","meta":{"_genesis_hide_title":false,"_genesis_hide_breadcrumbs":false,"_genesis_hide_singular_image":false,"_genesis_hide_footer_widgets":false,"_genesis_custom_body_class":"","_genesis_custom_post_class":"","_genesis_layout":"","ngg_post_thumbnail":0,"footnotes":""},"_links":{"self":[{"href":"https:\/\/cedei.com.co\/index.php?rest_route=\/wp\/v2\/pages\/559"}],"collection":[{"href":"https:\/\/cedei.com.co\/index.php?rest_route=\/wp\/v2\/pages"}],"about":[{"href":"https:\/\/cedei.com.co\/index.php?rest_route=\/wp\/v2\/types\/page"}],"author":[{"embeddable":true,"href":"https:\/\/cedei.com.co\/index.php?rest_route=\/wp\/v2\/users\/1"}],"replies":[{"embeddable":true,"href":"https:\/\/cedei.com.co\/index.php?rest_route=%2Fwp%2Fv2%2Fcomments&post=559"}],"version-history":[{"count":7,"href":"https:\/\/cedei.com.co\/index.php?rest_route=\/wp\/v2\/pages\/559\/revisions"}],"predecessor-version":[{"id":3801,"href":"https:\/\/cedei.com.co\/index.php?rest_route=\/wp\/v2\/pages\/559\/revisions\/3801"}],"up":[{"embeddable":true,"href":"https:\/\/cedei.com.co\/index.php?rest_route=\/wp\/v2\/pages\/351"}],"wp:attachment":[{"href":"https:\/\/cedei.com.co\/index.php?rest_route=%2Fwp%2Fv2%2Fmedia&parent=559"}],"curies":[{"name":"wp","href":"https:\/\/api.w.org\/{rel}","templated":true}]}}