{"id":77,"date":"2019-03-29T22:25:03","date_gmt":"2019-03-29T22:25:03","guid":{"rendered":"https:\/\/cedei.com.co\/wp\/?page_id=77"},"modified":"2026-04-16T17:55:43","modified_gmt":"2026-04-16T17:55:43","slug":"programa","status":"publish","type":"page","link":"https:\/\/cedei.com.co\/?page_id=77","title":{"rendered":"Programas"},"content":{"rendered":"<h3>La corporaci\u00f3n CEDEI estructura sus programas&nbsp; y proyectos, en armon\u00eda con los tres Ejes estrat\u00e9gicos establecidos en el plan institucional 2013-2020:<\/h3>\n<h4><strong>\u2022 <\/strong><a href=\"https:\/\/cedei.com.co\/ejes\/desarrollo-humano-y-social\/\">Desarrollo Humano y Social<\/a><\/h4>\n<h4><strong>\u2022 <\/strong><a href=\"https:\/\/cedei.com.co\/ejes\/conocimiento\/\">Investigaci\u00f3n y Gesti\u00f3n del Conocimien<\/a><a href=\"https:\/\/cedei.com.co\/ejes\/conocimiento\/\">to<\/a><\/h4>\n<h4><strong>\u2022 <\/strong><a href=\"https:\/\/cedei.com.co\/ejes\/capacidades\/\">Generaci\u00f3n de Capacidades<\/a><\/h4>\n<p>En t\u00e9rminos generales, esta clasificaci\u00f3n es meramente indicativa. En nuestra organizaci\u00f3n los Ejes, as\u00ed como los Objetivos Estrat\u00e9gicos, dialogan entre s\u00ed, de manera permanente. El enfoque sist\u00e9mico\/ecol\u00f3gico del modelo CEDEI, aplicado a todos los aspectos institucionales, permite la articulaci\u00f3n de las diferentes \u00e1reas, acciones, personas y saberes; de una manera org\u00e1nica.<\/p>\n<p>As\u00ed mismo, nuestros aliados estrat\u00e9gicos pueden encontrar las rutas para acercarse al logro de sus objetivos organizacionales y personales, a trav\u00e9s de nuestra oferta institucional. Usted puede conocer mejor lo que hacemos, explorando nuestro <a href=\"https:\/\/www.canva.com\/design\/DADXrS9kqk8\/Q14KVWrmCE-aLHmJ2193Sg\/view?utm_content=DADXrS9kqk8&amp;utm_campaign=designshare&amp;utm_medium=link&amp;utm_source=sharebutton\" target=\"_blank\" rel=\"noopener noreferrer\">Plan Operativo 2019-2020<\/a>, aqu\u00ed.<\/p>\n<p>Conozca nuestros ejes estrat\u00e9gicos y las acciones que los integran. Para ampliar la informaci\u00f3n sobre cada programa, haga click en el t\u00edtulo.<\/p>\n<p><a href=\"https:\/\/cedei.com.co\/programa\/giros\/\"><img loading=\"lazy\" decoding=\"async\" class=\"alignnone wp-image-2555\" src=\"https:\/\/cedei.com.co\/wp\/wp-content\/uploads\/2023\/03\/giros_bottom-150x150.jpg\" alt=\"\" width=\"190\" height=\"190\" srcset=\"https:\/\/cedei.com.co\/wp-content\/uploads\/2023\/03\/giros_bottom-150x150.jpg 150w, https:\/\/cedei.com.co\/wp-content\/uploads\/2023\/03\/giros_bottom-80x80.jpg 80w\" sizes=\"(max-width: 190px) 100vw, 190px\" \/><\/a> <a href=\"https:\/\/cedei.com.co\/programa\/hermes\/\"><img loading=\"lazy\" decoding=\"async\" class=\"alignnone wp-image-2556\" src=\"https:\/\/cedei.com.co\/wp\/wp-content\/uploads\/2023\/03\/ermes_bottom-150x150.jpg\" alt=\"\" width=\"190\" height=\"190\" srcset=\"https:\/\/cedei.com.co\/wp-content\/uploads\/2023\/03\/ermes_bottom-150x150.jpg 150w, https:\/\/cedei.com.co\/wp-content\/uploads\/2023\/03\/ermes_bottom-80x80.jpg 80w\" sizes=\"(max-width: 190px) 100vw, 190px\" \/><\/a> <a href=\"https:\/\/cedei.com.co\/programa\/dabeiba\/\"><img loading=\"lazy\" decoding=\"async\" class=\"alignnone wp-image-2557\" src=\"https:\/\/cedei.com.co\/wp\/wp-content\/uploads\/2023\/03\/dabeiba_bottom-150x150.jpg\" alt=\"\" width=\"190\" height=\"190\" srcset=\"https:\/\/cedei.com.co\/wp-content\/uploads\/2023\/03\/dabeiba_bottom-150x150.jpg 150w, https:\/\/cedei.com.co\/wp-content\/uploads\/2023\/03\/dabeiba_bottom-80x80.jpg 80w\" sizes=\"(max-width: 190px) 100vw, 190px\" \/><\/a> <a href=\"https:\/\/cedei.com.co\/programa\/migro\/\"><img loading=\"lazy\" decoding=\"async\" class=\"alignnone wp-image-2558\" src=\"https:\/\/cedei.com.co\/wp\/wp-content\/uploads\/2023\/03\/migro_bottom-150x150.jpg\" alt=\"\" width=\"190\" height=\"190\" srcset=\"https:\/\/cedei.com.co\/wp-content\/uploads\/2023\/03\/migro_bottom-150x150.jpg 150w, https:\/\/cedei.com.co\/wp-content\/uploads\/2023\/03\/migro_bottom-80x80.jpg 80w\" sizes=\"(max-width: 190px) 100vw, 190px\" \/><\/a>[:]\n","protected":false},"excerpt":{"rendered":"<p>La corporaci\u00f3n CEDEI estructura sus programas&nbsp; y proyectos, en armon\u00eda con los tres Ejes estrat\u00e9gicos establecidos en el plan institucional 2013-2020: \u2022 Desarrollo Humano y Social \u2022 Investigaci\u00f3n y Gesti\u00f3n del Conocimiento \u2022 Generaci\u00f3n de Capacidades En t\u00e9rminos generales, esta clasificaci\u00f3n es meramente indicativa. En nuestra organizaci\u00f3n los Ejes, as\u00ed como los Objetivos Estrat\u00e9gicos, dialogan &hellip;<\/p>\n","protected":false},"author":1,"featured_media":31469,"parent":0,"menu_order":0,"comment_status":"closed","ping_status":"closed","template":"","meta":{"_genesis_hide_title":false,"_genesis_hide_breadcrumbs":false,"_genesis_hide_singular_image":false,"_genesis_hide_footer_widgets":false,"_genesis_custom_body_class":"","_genesis_custom_post_class":"","_genesis_layout":"","ngg_post_thumbnail":0,"footnotes":""},"_links":{"self":[{"href":"https:\/\/cedei.com.co\/index.php?rest_route=\/wp\/v2\/pages\/77"}],"collection":[{"href":"https:\/\/cedei.com.co\/index.php?rest_route=\/wp\/v2\/pages"}],"about":[{"href":"https:\/\/cedei.com.co\/index.php?rest_route=\/wp\/v2\/types\/page"}],"author":[{"embeddable":true,"href":"https:\/\/cedei.com.co\/index.php?rest_route=\/wp\/v2\/users\/1"}],"replies":[{"embeddable":true,"href":"https:\/\/cedei.com.co\/index.php?rest_route=%2Fwp%2Fv2%2Fcomments&post=77"}],"version-history":[{"count":17,"href":"https:\/\/cedei.com.co\/index.php?rest_route=\/wp\/v2\/pages\/77\/revisions"}],"predecessor-version":[{"id":3198,"href":"https:\/\/cedei.com.co\/index.php?rest_route=\/wp\/v2\/pages\/77\/revisions\/3198"}],"wp:featuredmedia":[{"embeddable":true,"href":"https:\/\/cedei.com.co\/index.php?rest_route=\/wp\/v2\/media\/31469"}],"wp:attachment":[{"href":"https:\/\/cedei.com.co\/index.php?rest_route=%2Fwp%2Fv2%2Fmedia&parent=77"}],"curies":[{"name":"wp","href":"https:\/\/api.w.org\/{rel}","templated":true}]}}