{"id":81,"date":"2019-03-29T22:25:32","date_gmt":"2019-03-29T22:25:32","guid":{"rendered":"https:\/\/cedei.com.co\/wp\/?page_id=81"},"modified":"2024-04-04T09:43:36","modified_gmt":"2024-04-04T09:43:36","slug":"contacto","status":"publish","type":"page","link":"https:\/\/cedei.com.co\/?page_id=81","title":{"rendered":"Contacto"},"content":{"rendered":"<p><strong>Corporaci\u00f3n CEDEI \u2013 Administraci\u00f3n<\/strong><br \/>\nDirecci\u00f3n: Transversal 54, 34A 125, Edificio Monte Sina\u00ed &#8211; 804 \u2013 Cartagena (COL)<br \/>\nTel\u00e9fono: (+57 5) 6412789 \u2013 3185553012<br \/>\nwsp: +57 3122851325<\/p>\n<p>eMail: info@cedei.com.co<br \/>\nwww.cedei.com.co<\/p>\n<p>&nbsp;<\/p>\n","protected":false},"excerpt":{"rendered":"<p>Corporaci\u00f3n CEDEI \u2013 Administraci\u00f3n Direcci\u00f3n: Transversal 54, 34A 125, Edificio Monte Sina\u00ed &#8211; 804 \u2013 Cartagena (COL) Tel\u00e9fono: (+57 5) 6412789 \u2013 3185553012 wsp: +57 3122851325 eMail: info@cedei.com.co www.cedei.com.co &nbsp;<\/p>\n","protected":false},"author":1,"featured_media":0,"parent":0,"menu_order":0,"comment_status":"closed","ping_status":"closed","template":"","meta":{"_genesis_hide_title":false,"_genesis_hide_breadcrumbs":false,"_genesis_hide_singular_image":false,"_genesis_hide_footer_widgets":false,"_genesis_custom_body_class":"","_genesis_custom_post_class":"","_genesis_layout":"","ngg_post_thumbnail":0,"footnotes":""},"_links":{"self":[{"href":"https:\/\/cedei.com.co\/index.php?rest_route=\/wp\/v2\/pages\/81"}],"collection":[{"href":"https:\/\/cedei.com.co\/index.php?rest_route=\/wp\/v2\/pages"}],"about":[{"href":"https:\/\/cedei.com.co\/index.php?rest_route=\/wp\/v2\/types\/page"}],"author":[{"embeddable":true,"href":"https:\/\/cedei.com.co\/index.php?rest_route=\/wp\/v2\/users\/1"}],"replies":[{"embeddable":true,"href":"https:\/\/cedei.com.co\/index.php?rest_route=%2Fwp%2Fv2%2Fcomments&post=81"}],"version-history":[{"count":27,"href":"https:\/\/cedei.com.co\/index.php?rest_route=\/wp\/v2\/pages\/81\/revisions"}],"predecessor-version":[{"id":3483,"href":"https:\/\/cedei.com.co\/index.php?rest_route=\/wp\/v2\/pages\/81\/revisions\/3483"}],"wp:attachment":[{"href":"https:\/\/cedei.com.co\/index.php?rest_route=%2Fwp%2Fv2%2Fmedia&parent=81"}],"curies":[{"name":"wp","href":"https:\/\/api.w.org\/{rel}","templated":true}]}}