{"id":881,"date":"2019-04-19T14:42:18","date_gmt":"2019-04-19T14:42:18","guid":{"rendered":"https:\/\/cedei.com.co\/wp\/?page_id=881"},"modified":"2024-04-04T10:10:28","modified_gmt":"2024-04-04T10:10:28","slug":"se-nuestro-aliado","status":"publish","type":"page","link":"https:\/\/cedei.com.co\/?page_id=881","title":{"rendered":"Hazte Aliado Ahora"},"content":{"rendered":"<p style=\"text-align: center;\"><img loading=\"lazy\" decoding=\"async\" class=\"alignnone size-full wp-image-3384\" src=\"https:\/\/cedei.com.co\/wp-content\/uploads\/2024\/03\/accordo-CEDEI-UniCOlombo.jpeg\" alt=\"\" width=\"1600\" height=\"1408\" srcset=\"https:\/\/cedei.com.co\/wp-content\/uploads\/2024\/03\/accordo-CEDEI-UniCOlombo.jpeg 1600w, https:\/\/cedei.com.co\/wp-content\/uploads\/2024\/03\/accordo-CEDEI-UniCOlombo-300x264.jpeg 300w, https:\/\/cedei.com.co\/wp-content\/uploads\/2024\/03\/accordo-CEDEI-UniCOlombo-1024x901.jpeg 1024w, https:\/\/cedei.com.co\/wp-content\/uploads\/2024\/03\/accordo-CEDEI-UniCOlombo-768x676.jpeg 768w, https:\/\/cedei.com.co\/wp-content\/uploads\/2024\/03\/accordo-CEDEI-UniCOlombo-1536x1352.jpeg 1536w\" sizes=\"(max-width: 1600px) 100vw, 1600px\" \/><\/p>\n<p>En CEDEI estamos abiertos a colaborar con otras organizaciones.<br \/>\n\u00bf<span style=\"color: #ff6600;\"><strong>Te gustar\u00eda ser nuestro Aliado<\/strong><\/span>? Env\u00edanos un mensaje a trav\u00e9s de esta forma de contacto: info@cedei.com.co<\/p>\n<p style=\"text-align: center;\">&nbsp;<\/p>\n","protected":false},"excerpt":{"rendered":"<p>En CEDEI estamos abiertos a colaborar con otras organizaciones. \u00bfTe gustar\u00eda ser nuestro Aliado? Env\u00edanos un mensaje a trav\u00e9s de esta forma de contacto: info@cedei.com.co &nbsp;<\/p>\n","protected":false},"author":1,"featured_media":0,"parent":81,"menu_order":0,"comment_status":"closed","ping_status":"closed","template":"","meta":{"_genesis_hide_title":false,"_genesis_hide_breadcrumbs":false,"_genesis_hide_singular_image":false,"_genesis_hide_footer_widgets":false,"_genesis_custom_body_class":"","_genesis_custom_post_class":"","_genesis_layout":"","ngg_post_thumbnail":0,"footnotes":""},"_links":{"self":[{"href":"https:\/\/cedei.com.co\/index.php?rest_route=\/wp\/v2\/pages\/881"}],"collection":[{"href":"https:\/\/cedei.com.co\/index.php?rest_route=\/wp\/v2\/pages"}],"about":[{"href":"https:\/\/cedei.com.co\/index.php?rest_route=\/wp\/v2\/types\/page"}],"author":[{"embeddable":true,"href":"https:\/\/cedei.com.co\/index.php?rest_route=\/wp\/v2\/users\/1"}],"replies":[{"embeddable":true,"href":"https:\/\/cedei.com.co\/index.php?rest_route=%2Fwp%2Fv2%2Fcomments&post=881"}],"version-history":[{"count":10,"href":"https:\/\/cedei.com.co\/index.php?rest_route=\/wp\/v2\/pages\/881\/revisions"}],"predecessor-version":[{"id":3500,"href":"https:\/\/cedei.com.co\/index.php?rest_route=\/wp\/v2\/pages\/881\/revisions\/3500"}],"up":[{"embeddable":true,"href":"https:\/\/cedei.com.co\/index.php?rest_route=\/wp\/v2\/pages\/81"}],"wp:attachment":[{"href":"https:\/\/cedei.com.co\/index.php?rest_route=%2Fwp%2Fv2%2Fmedia&parent=881"}],"curies":[{"name":"wp","href":"https:\/\/api.w.org\/{rel}","templated":true}]}}