{"id":938,"date":"2019-05-17T14:41:21","date_gmt":"2019-05-17T14:41:21","guid":{"rendered":"https:\/\/cedei.com.co\/?page_id=938"},"modified":"2024-01-13T19:01:10","modified_gmt":"2024-01-13T19:01:10","slug":"desarrollo-humano-y-social-2","status":"publish","type":"page","link":"https:\/\/cedei.com.co\/?page_id=938","title":{"rendered":"Desarrollo Humano y Social"},"content":{"rendered":"[En este eje se desarrollan las acciones de incidencia directa con las personas y los grupos humanos; a trav\u00e9s de la implementaci\u00f3n del Modelo CEDEI para el desarrollo integral de la persona.<br \/>\nEl trabajo de los facilitadores de CEDEI se dirige a diferentes contextos (educativos, comunitarios, organizaciones no gubernamentales, entidades estatales, entre otros) y a diferentes grupos poblacionales (primera infancia, ni\u00f1ez, adolescencia, juventud, adultez tard\u00eda, mujeres, necesidades educativas especiales, entre otros).<br \/>\nAlgunas de nuestra acciones en este eje:<br \/>\nPrograma GIROS: para la atenci\u00f3n y estimulaci\u00f3n a la primera infancia y la ni\u00f1ez.<br \/>\nPrograma PODEMOS: Desarrollo de Base con enfoque de desarrollo local.<br \/>\nVive \u2013 Puerto Rey<br \/>\nComunidades que Educan.<br \/>\nRE-CREANDO: Desarrollo integral para ni\u00f1os y ni\u00f1as \u2013 Jornada complementaria.<br \/>\nEADE: Acompa\u00f1amiento a rectores de IE Oficiales en 5 departamentos de Colombia.<br \/>\nPAJA: Proceso de Acompa\u00f1amiento a J\u00f3venes Artistas.<br \/>\nLa M\u00e1quina de los Sue\u00f1os.<\/p>\n","protected":false},"excerpt":{"rendered":"<p>[En este eje se desarrollan las acciones de incidencia directa con las personas y los grupos humanos; a trav\u00e9s de la implementaci\u00f3n del Modelo CEDEI para el desarrollo integral de la persona. El trabajo de los facilitadores de CEDEI se dirige a diferentes contextos (educativos, comunitarios, organizaciones no gubernamentales, entidades estatales, entre otros) y a &hellip;<\/p>\n","protected":false},"author":1,"featured_media":0,"parent":77,"menu_order":0,"comment_status":"closed","ping_status":"closed","template":"","meta":{"_genesis_hide_title":false,"_genesis_hide_breadcrumbs":false,"_genesis_hide_singular_image":false,"_genesis_hide_footer_widgets":false,"_genesis_custom_body_class":"","_genesis_custom_post_class":"","_genesis_layout":"","ngg_post_thumbnail":0,"footnotes":""},"_links":{"self":[{"href":"https:\/\/cedei.com.co\/index.php?rest_route=\/wp\/v2\/pages\/938"}],"collection":[{"href":"https:\/\/cedei.com.co\/index.php?rest_route=\/wp\/v2\/pages"}],"about":[{"href":"https:\/\/cedei.com.co\/index.php?rest_route=\/wp\/v2\/types\/page"}],"author":[{"embeddable":true,"href":"https:\/\/cedei.com.co\/index.php?rest_route=\/wp\/v2\/users\/1"}],"replies":[{"embeddable":true,"href":"https:\/\/cedei.com.co\/index.php?rest_route=%2Fwp%2Fv2%2Fcomments&post=938"}],"version-history":[{"count":2,"href":"https:\/\/cedei.com.co\/index.php?rest_route=\/wp\/v2\/pages\/938\/revisions"}],"predecessor-version":[{"id":3200,"href":"https:\/\/cedei.com.co\/index.php?rest_route=\/wp\/v2\/pages\/938\/revisions\/3200"}],"up":[{"embeddable":true,"href":"https:\/\/cedei.com.co\/index.php?rest_route=\/wp\/v2\/pages\/77"}],"wp:attachment":[{"href":"https:\/\/cedei.com.co\/index.php?rest_route=%2Fwp%2Fv2%2Fmedia&parent=938"}],"curies":[{"name":"wp","href":"https:\/\/api.w.org\/{rel}","templated":true}]}}